{"id":1994,"date":"2024-11-11T16:07:53","date_gmt":"2024-11-11T13:07:53","guid":{"rendered":"https:\/\/jelizavetaostapjuk23.thkit.ee\/wp\/?page_id=1994"},"modified":"2024-11-11T16:25:53","modified_gmt":"2024-11-11T13:25:53","slug":"iinglise-eesti-sonastik","status":"publish","type":"page","link":"https:\/\/jelizavetaostapjuk23.thkit.ee\/wp\/iinglise-eesti-sonastik\/","title":{"rendered":"Iinglise-eesti s\u00f5nastik"},"content":{"rendered":"<div class=\"dictionary\">\r\n\t<form class=\"terms_search\"><input type=\"text\" name=\"terms_s\" value=\"\" required><input type=\"submit\" value=\"search\"><\/form><nav class=\"letters\"><a href=\"?letter=53\" class=\"letter \">\u201e<\/a><a href=\"?letter=54\" class=\"letter \">B<\/a><a href=\"?letter=55\" class=\"letter \">C<\/a><a href=\"?letter=56\" class=\"letter \">D<\/a><a href=\"?letter=69\" class=\"letter \">E<\/a><a href=\"?letter=57\" class=\"letter \">F<\/a><a href=\"?letter=73\" class=\"letter \">G<\/a><a href=\"?letter=58\" class=\"letter \">H<\/a><a href=\"?letter=71\" class=\"letter \">I<\/a><a href=\"?letter=59\" class=\"letter \">L<\/a><a href=\"?letter=60\" class=\"letter \">M<\/a><a href=\"?letter=61\" class=\"letter \">N<\/a><a href=\"?letter=68\" class=\"letter \">O<\/a><a href=\"?letter=74\" class=\"letter \">P<\/a><a href=\"?letter=72\" class=\"letter \">R<\/a><a href=\"?letter=62\" class=\"letter \">S<\/a><a href=\"?letter=63\" class=\"letter \">T<\/a><\/nav><div class=\"terms\"><div class=\"term\"><strong>\u201ealumise taseme&#8221; CASE vahendid\u00a0(lower CASE tools)<\/strong> (<a href=\"?terms-tag=75\">Tarkvara<\/a>) - keskenduvad teostusele, kus mudelitest saab tegelik tarkvaratoode.<\/div><div class=\"term\"><strong>\u201e\u00fclemise taseme&#8221; CASE-vahendid\u00a0(upper CASE tools)<\/strong> (<a href=\"?terms-tag=75\">Tarkvara<\/a>) - toetavad anal\u00fc\u00fcsi ja projekteerimist. Peamiselt on nad kasutusel kasutajan\u00f5uete anal\u00fc\u00fcsimisel ja dokumenteerimisel.<\/div><div class=\"term\"><strong>$_POST<\/strong> (<a href=\"?terms-tag=70\">PHP<\/a>) - $_POST sisaldab HTTP POST-meetodi kaudu saadud muutujate massiivi.\r\n\r\n$name = $_POST['fname'];\r\n\r\necho $name;<\/div><div class=\"term\"><strong>$_REQUEST[?]-?<\/strong> (<a href=\"?terms-tag=70\">PHP<\/a>) - on PHP super globaalne muutuja, mis sisaldab esitatud vormi andmeid ja k\u00f5iki k\u00fcpsiste andmeid.<\/div><div class=\"term\"><strong>Array<\/strong> (<a href=\"?terms-tag=67\">JavaScript<\/a>) - JavaScripti massiiv on teatud t\u00fc\u00fcpi globaalne objekt, mida kasutatakse andmete salvestamiseks.\r\nN\u00e4ide: <strong><span class=\"jscolor\"><span class=\"jskeywordcolor\">const<\/span> cars = [<span class=\"jsstringcolor\">\"Saab\"<\/span>, <span class=\"jsstringcolor\">\"Volvo\"<\/span>, <span class=\"jsstringcolor\">\"BMW\"<\/span>];<\/span><\/strong><\/div><div class=\"term\"><strong>Backend<\/strong>  - kood, mis t\u00f6\u00f6tab serveris, mis v\u00f5tab klientidelt p\u00e4ringuid vastu ja sisaldab loogikat, mis saadab asjakohased andmed kliendile tagasi. Back-end sisaldab ka andmebaasi, mis salvestab p\u00fcsivalt k\u00f5ik rakenduse andmed.<\/div><div class=\"term\"><strong>bind_param(?)-?<\/strong> (<a href=\"?terms-tag=70\">PHP<\/a>) - See funktsioon seob parameetrid SQL p\u00e4ringuga ja \u00fctleb andmebaasile, millised on parameetrid.<\/div><div class=\"term\"><strong>bind_result(?)-?<\/strong> (<a href=\"?terms-tag=70\">PHP<\/a>) - funktsiooni kasutatakse tulemuste kogumi veergude sidumiseks muutujatega<\/div><div class=\"term\"><strong>Body<\/strong> (<a href=\"?terms-tag=66\">CSS<\/a>, <a href=\"?terms-tag=65\">HTML<\/a>) - Tag &lt;body&gt; m\u00e4\u00e4ratleb dokumendi keha.\r\nElement &lt;body&gt; sisaldab kogu HTML-dokumendi sisu, n\u00e4iteks pealkirju, l\u00f5ike, pilte, h\u00fcperlinke, tabeleid, loetelusid jne.\r\n\r\n<strong>N\u00e4ide:<\/strong>\r\n\r\n<span class=\"tagnamecolor\"><span class=\"tagcolor\">&lt;<\/span>body<span class=\"tagcolor\">&gt;<\/span><\/span>\r\n<span class=\"tagnamecolor\"><span class=\"tagcolor\">&lt;<\/span>h1<span class=\"tagcolor\">&gt;<\/span><\/span>This is a heading<span class=\"tagnamecolor\"><span class=\"tagcolor\">&lt;<\/span>\/h1<span class=\"tagcolor\">&gt;<\/span><\/span>\r\n<span class=\"tagnamecolor\"><span class=\"tagcolor\">&lt;<\/span>p<span class=\"tagcolor\">&gt;<\/span><\/span>This is a paragraph.<span class=\"tagnamecolor\"><span class=\"tagcolor\">&lt;<\/span>\/p<span class=\"tagcolor\">&gt;<\/span><\/span>\r\n<span class=\"tagnamecolor\"><span class=\"tagcolor\">&lt;<\/span>\/body<span class=\"tagcolor\">&gt;<\/span><\/span><\/div><div class=\"term\"><strong>CI (continuous integration)<\/strong>  - Automatiseerida mitmete osalejate koodimuudatuste integreerimine \u00fchte tarkvaraprojekti<\/div><\/div><div class=\"td-pagination\"><span aria-label=\"Page 1\" aria-current=\"page\" class=\"page-numbers current\">1<\/span>\n<a aria-label=\"Page 2\" class=\"page-numbers\" href=\"?page_terms=2\">2<\/a>\n<a aria-label=\"Page 3\" class=\"page-numbers\" href=\"?page_terms=3\">3<\/a>\n<span class=\"page-numbers dots\">&hellip;<\/span>\n<a aria-label=\"Page 5\" class=\"page-numbers\" href=\"?page_terms=5\">5<\/a><\/div><\/div>\n","protected":false},"excerpt":{"rendered":"","protected":false},"author":1,"featured_media":0,"parent":0,"menu_order":0,"comment_status":"closed","ping_status":"closed","template":"","meta":{"footnotes":""},"class_list":["post-1994","page","type-page","status-publish","hentry"],"yoast_head":"<!-- This site is optimized with the Yoast SEO plugin v27.3 - https:\/\/yoast.com\/product\/yoast-seo-wordpress\/ -->\n<title>Iinglise-eesti s\u00f5nastik - Jelizaveta Ostapjuk portfoolio<\/title>\n<meta name=\"robots\" content=\"index, follow, max-snippet:-1, max-image-preview:large, max-video-preview:-1\" \/>\n<link rel=\"canonical\" href=\"https:\/\/jelizavetaostapjuk23.thkit.ee\/wp\/iinglise-eesti-sonastik\/\" \/>\n<meta property=\"og:locale\" content=\"et_EE\" \/>\n<meta property=\"og:type\" content=\"article\" \/>\n<meta property=\"og:title\" content=\"Iinglise-eesti s\u00f5nastik - Jelizaveta Ostapjuk portfoolio\" \/>\n<meta property=\"og:url\" content=\"https:\/\/jelizavetaostapjuk23.thkit.ee\/wp\/iinglise-eesti-sonastik\/\" \/>\n<meta property=\"og:site_name\" content=\"Jelizaveta Ostapjuk portfoolio\" \/>\n<meta property=\"article:modified_time\" content=\"2024-11-11T13:25:53+00:00\" \/>\n<meta name=\"twitter:card\" content=\"summary_large_image\" \/>\n<meta name=\"twitter:label1\" content=\"Est. reading time\" \/>\n\t<meta name=\"twitter:data1\" content=\"1 minut\" \/>\n<script type=\"application\/ld+json\" class=\"yoast-schema-graph\">{\"@context\":\"https:\\\/\\\/schema.org\",\"@graph\":[{\"@type\":\"WebPage\",\"@id\":\"https:\\\/\\\/jelizavetaostapjuk23.thkit.ee\\\/wp\\\/iinglise-eesti-sonastik\\\/\",\"url\":\"https:\\\/\\\/jelizavetaostapjuk23.thkit.ee\\\/wp\\\/iinglise-eesti-sonastik\\\/\",\"name\":\"Iinglise-eesti s\u00f5nastik - Jelizaveta Ostapjuk portfoolio\",\"isPartOf\":{\"@id\":\"https:\\\/\\\/jelizavetaostapjuk23.thkit.ee\\\/wp\\\/#website\"},\"datePublished\":\"2024-11-11T13:07:53+00:00\",\"dateModified\":\"2024-11-11T13:25:53+00:00\",\"breadcrumb\":{\"@id\":\"https:\\\/\\\/jelizavetaostapjuk23.thkit.ee\\\/wp\\\/iinglise-eesti-sonastik\\\/#breadcrumb\"},\"inLanguage\":\"et\",\"potentialAction\":[{\"@type\":\"ReadAction\",\"target\":[\"https:\\\/\\\/jelizavetaostapjuk23.thkit.ee\\\/wp\\\/iinglise-eesti-sonastik\\\/\"]}]},{\"@type\":\"BreadcrumbList\",\"@id\":\"https:\\\/\\\/jelizavetaostapjuk23.thkit.ee\\\/wp\\\/iinglise-eesti-sonastik\\\/#breadcrumb\",\"itemListElement\":[{\"@type\":\"ListItem\",\"position\":1,\"name\":\"Home\",\"item\":\"https:\\\/\\\/jelizavetaostapjuk23.thkit.ee\\\/wp\\\/\"},{\"@type\":\"ListItem\",\"position\":2,\"name\":\"Iinglise-eesti s\u00f5nastik\"}]},{\"@type\":\"WebSite\",\"@id\":\"https:\\\/\\\/jelizavetaostapjuk23.thkit.ee\\\/wp\\\/#website\",\"url\":\"https:\\\/\\\/jelizavetaostapjuk23.thkit.ee\\\/wp\\\/\",\"name\":\"Jelizaveta Ostapjuk portfoolio\",\"description\":\"Minu portfoolio\",\"potentialAction\":[{\"@type\":\"SearchAction\",\"target\":{\"@type\":\"EntryPoint\",\"urlTemplate\":\"https:\\\/\\\/jelizavetaostapjuk23.thkit.ee\\\/wp\\\/?s={search_term_string}\"},\"query-input\":{\"@type\":\"PropertyValueSpecification\",\"valueRequired\":true,\"valueName\":\"search_term_string\"}}],\"inLanguage\":\"et\"}]}<\/script>\n<!-- \/ Yoast SEO plugin. -->","yoast_head_json":{"title":"Iinglise-eesti s\u00f5nastik - Jelizaveta Ostapjuk portfoolio","robots":{"index":"index","follow":"follow","max-snippet":"max-snippet:-1","max-image-preview":"max-image-preview:large","max-video-preview":"max-video-preview:-1"},"canonical":"https:\/\/jelizavetaostapjuk23.thkit.ee\/wp\/iinglise-eesti-sonastik\/","og_locale":"et_EE","og_type":"article","og_title":"Iinglise-eesti s\u00f5nastik - Jelizaveta Ostapjuk portfoolio","og_url":"https:\/\/jelizavetaostapjuk23.thkit.ee\/wp\/iinglise-eesti-sonastik\/","og_site_name":"Jelizaveta Ostapjuk portfoolio","article_modified_time":"2024-11-11T13:25:53+00:00","twitter_card":"summary_large_image","twitter_misc":{"Est. reading time":"1 minut"},"schema":{"@context":"https:\/\/schema.org","@graph":[{"@type":"WebPage","@id":"https:\/\/jelizavetaostapjuk23.thkit.ee\/wp\/iinglise-eesti-sonastik\/","url":"https:\/\/jelizavetaostapjuk23.thkit.ee\/wp\/iinglise-eesti-sonastik\/","name":"Iinglise-eesti s\u00f5nastik - Jelizaveta Ostapjuk portfoolio","isPartOf":{"@id":"https:\/\/jelizavetaostapjuk23.thkit.ee\/wp\/#website"},"datePublished":"2024-11-11T13:07:53+00:00","dateModified":"2024-11-11T13:25:53+00:00","breadcrumb":{"@id":"https:\/\/jelizavetaostapjuk23.thkit.ee\/wp\/iinglise-eesti-sonastik\/#breadcrumb"},"inLanguage":"et","potentialAction":[{"@type":"ReadAction","target":["https:\/\/jelizavetaostapjuk23.thkit.ee\/wp\/iinglise-eesti-sonastik\/"]}]},{"@type":"BreadcrumbList","@id":"https:\/\/jelizavetaostapjuk23.thkit.ee\/wp\/iinglise-eesti-sonastik\/#breadcrumb","itemListElement":[{"@type":"ListItem","position":1,"name":"Home","item":"https:\/\/jelizavetaostapjuk23.thkit.ee\/wp\/"},{"@type":"ListItem","position":2,"name":"Iinglise-eesti s\u00f5nastik"}]},{"@type":"WebSite","@id":"https:\/\/jelizavetaostapjuk23.thkit.ee\/wp\/#website","url":"https:\/\/jelizavetaostapjuk23.thkit.ee\/wp\/","name":"Jelizaveta Ostapjuk portfoolio","description":"Minu portfoolio","potentialAction":[{"@type":"SearchAction","target":{"@type":"EntryPoint","urlTemplate":"https:\/\/jelizavetaostapjuk23.thkit.ee\/wp\/?s={search_term_string}"},"query-input":{"@type":"PropertyValueSpecification","valueRequired":true,"valueName":"search_term_string"}}],"inLanguage":"et"}]}},"_links":{"self":[{"href":"https:\/\/jelizavetaostapjuk23.thkit.ee\/wp\/wp-json\/wp\/v2\/pages\/1994","targetHints":{"allow":["GET"]}}],"collection":[{"href":"https:\/\/jelizavetaostapjuk23.thkit.ee\/wp\/wp-json\/wp\/v2\/pages"}],"about":[{"href":"https:\/\/jelizavetaostapjuk23.thkit.ee\/wp\/wp-json\/wp\/v2\/types\/page"}],"author":[{"embeddable":true,"href":"https:\/\/jelizavetaostapjuk23.thkit.ee\/wp\/wp-json\/wp\/v2\/users\/1"}],"replies":[{"embeddable":true,"href":"https:\/\/jelizavetaostapjuk23.thkit.ee\/wp\/wp-json\/wp\/v2\/comments?post=1994"}],"version-history":[{"count":1,"href":"https:\/\/jelizavetaostapjuk23.thkit.ee\/wp\/wp-json\/wp\/v2\/pages\/1994\/revisions"}],"predecessor-version":[{"id":1995,"href":"https:\/\/jelizavetaostapjuk23.thkit.ee\/wp\/wp-json\/wp\/v2\/pages\/1994\/revisions\/1995"}],"wp:attachment":[{"href":"https:\/\/jelizavetaostapjuk23.thkit.ee\/wp\/wp-json\/wp\/v2\/media?parent=1994"}],"curies":[{"name":"wp","href":"https:\/\/api.w.org\/{rel}","templated":true}]}}