{"id":2177,"date":"2025-02-03T13:27:49","date_gmt":"2025-02-03T10:27:49","guid":{"rendered":"https:\/\/jelizavetaostapjuk23.thkit.ee\/wp\/?page_id=2177"},"modified":"2025-02-03T13:27:50","modified_gmt":"2025-02-03T10:27:50","slug":"jira-scrum-projekt","status":"publish","type":"page","link":"https:\/\/jelizavetaostapjuk23.thkit.ee\/wp\/jira-scrum-projekt\/","title":{"rendered":"JiRA: SCRUM projekt"},"content":{"rendered":"\n<h2 class=\"wp-block-heading\"><strong><strong>T\u00f6\u00f6plaan<\/strong><\/strong><\/h2>\n\n\n\n<figure class=\"wp-block-image size-full\"><img loading=\"lazy\" decoding=\"async\" width=\"863\" height=\"596\" src=\"https:\/\/jelizavetaostapjuk23.thkit.ee\/wp\/wp-content\/uploads\/2025\/02\/image-2.png\" alt=\"\" class=\"wp-image-2178\" srcset=\"https:\/\/jelizavetaostapjuk23.thkit.ee\/wp\/wp-content\/uploads\/2025\/02\/image-2.png 863w, https:\/\/jelizavetaostapjuk23.thkit.ee\/wp\/wp-content\/uploads\/2025\/02\/image-2-300x207.png 300w, https:\/\/jelizavetaostapjuk23.thkit.ee\/wp\/wp-content\/uploads\/2025\/02\/image-2-768x530.png 768w, https:\/\/jelizavetaostapjuk23.thkit.ee\/wp\/wp-content\/uploads\/2025\/02\/image-2-150x104.png 150w, https:\/\/jelizavetaostapjuk23.thkit.ee\/wp\/wp-content\/uploads\/2025\/02\/image-2-400x276.png 400w\" sizes=\"auto, (max-width: 709px) 85vw, (max-width: 909px) 67vw, (max-width: 1362px) 62vw, 840px\" \/><\/figure>\n\n\n\n<figure class=\"wp-block-image size-large\"><img loading=\"lazy\" decoding=\"async\" width=\"1024\" height=\"515\" src=\"https:\/\/jelizavetaostapjuk23.thkit.ee\/wp\/wp-content\/uploads\/2025\/02\/image-8-1024x515.png\" alt=\"\" class=\"wp-image-2184\" srcset=\"https:\/\/jelizavetaostapjuk23.thkit.ee\/wp\/wp-content\/uploads\/2025\/02\/image-8-1024x515.png 1024w, https:\/\/jelizavetaostapjuk23.thkit.ee\/wp\/wp-content\/uploads\/2025\/02\/image-8-300x151.png 300w, https:\/\/jelizavetaostapjuk23.thkit.ee\/wp\/wp-content\/uploads\/2025\/02\/image-8-768x386.png 768w, https:\/\/jelizavetaostapjuk23.thkit.ee\/wp\/wp-content\/uploads\/2025\/02\/image-8-150x75.png 150w, https:\/\/jelizavetaostapjuk23.thkit.ee\/wp\/wp-content\/uploads\/2025\/02\/image-8-1536x773.png 1536w, https:\/\/jelizavetaostapjuk23.thkit.ee\/wp\/wp-content\/uploads\/2025\/02\/image-8-1200x604.png 1200w, https:\/\/jelizavetaostapjuk23.thkit.ee\/wp\/wp-content\/uploads\/2025\/02\/image-8-400x201.png 400w, https:\/\/jelizavetaostapjuk23.thkit.ee\/wp\/wp-content\/uploads\/2025\/02\/image-8.png 1638w\" sizes=\"auto, (max-width: 709px) 85vw, (max-width: 909px) 67vw, (max-width: 1362px) 62vw, 840px\" \/><\/figure>\n\n\n\n<h2 class=\"wp-block-heading\"><strong><strong>Sprintid<\/strong><\/strong><\/h2>\n\n\n\n<figure class=\"wp-block-image size-large\"><img loading=\"lazy\" decoding=\"async\" width=\"1024\" height=\"383\" src=\"https:\/\/jelizavetaostapjuk23.thkit.ee\/wp\/wp-content\/uploads\/2025\/02\/image-3-1024x383.png\" alt=\"\" class=\"wp-image-2179\" srcset=\"https:\/\/jelizavetaostapjuk23.thkit.ee\/wp\/wp-content\/uploads\/2025\/02\/image-3-1024x383.png 1024w, https:\/\/jelizavetaostapjuk23.thkit.ee\/wp\/wp-content\/uploads\/2025\/02\/image-3-300x112.png 300w, https:\/\/jelizavetaostapjuk23.thkit.ee\/wp\/wp-content\/uploads\/2025\/02\/image-3-768x287.png 768w, https:\/\/jelizavetaostapjuk23.thkit.ee\/wp\/wp-content\/uploads\/2025\/02\/image-3-150x56.png 150w, https:\/\/jelizavetaostapjuk23.thkit.ee\/wp\/wp-content\/uploads\/2025\/02\/image-3-1536x574.png 1536w, https:\/\/jelizavetaostapjuk23.thkit.ee\/wp\/wp-content\/uploads\/2025\/02\/image-3-1200x449.png 1200w, https:\/\/jelizavetaostapjuk23.thkit.ee\/wp\/wp-content\/uploads\/2025\/02\/image-3-400x150.png 400w, https:\/\/jelizavetaostapjuk23.thkit.ee\/wp\/wp-content\/uploads\/2025\/02\/image-3.png 1597w\" sizes=\"auto, (max-width: 709px) 85vw, (max-width: 909px) 67vw, (max-width: 1362px) 62vw, 840px\" \/><\/figure>\n\n\n\n<h2 class=\"wp-block-heading\"><strong><strong>T\u00f6\u00f6laud<\/strong><\/strong><\/h2>\n\n\n\n<figure class=\"wp-block-image size-full\"><img loading=\"lazy\" decoding=\"async\" width=\"309\" height=\"617\" src=\"https:\/\/jelizavetaostapjuk23.thkit.ee\/wp\/wp-content\/uploads\/2025\/02\/image-7.png\" alt=\"\" class=\"wp-image-2183\" srcset=\"https:\/\/jelizavetaostapjuk23.thkit.ee\/wp\/wp-content\/uploads\/2025\/02\/image-7.png 309w, https:\/\/jelizavetaostapjuk23.thkit.ee\/wp\/wp-content\/uploads\/2025\/02\/image-7-150x300.png 150w, https:\/\/jelizavetaostapjuk23.thkit.ee\/wp\/wp-content\/uploads\/2025\/02\/image-7-75x150.png 75w\" sizes=\"auto, (max-width: 309px) 85vw, 309px\" \/><\/figure>\n\n\n\n<h2 class=\"wp-block-heading\"><strong><strong>Projekt on lingitud github&#8217;iga<\/strong><\/strong><\/h2>\n\n\n\n<figure class=\"wp-block-image size-full\"><img loading=\"lazy\" decoding=\"async\" width=\"543\" height=\"169\" src=\"https:\/\/jelizavetaostapjuk23.thkit.ee\/wp\/wp-content\/uploads\/2025\/02\/image-6.png\" alt=\"\" class=\"wp-image-2182\" srcset=\"https:\/\/jelizavetaostapjuk23.thkit.ee\/wp\/wp-content\/uploads\/2025\/02\/image-6.png 543w, https:\/\/jelizavetaostapjuk23.thkit.ee\/wp\/wp-content\/uploads\/2025\/02\/image-6-300x93.png 300w, https:\/\/jelizavetaostapjuk23.thkit.ee\/wp\/wp-content\/uploads\/2025\/02\/image-6-150x47.png 150w, https:\/\/jelizavetaostapjuk23.thkit.ee\/wp\/wp-content\/uploads\/2025\/02\/image-6-400x124.png 400w\" sizes=\"auto, (max-width: 543px) 85vw, 543px\" \/><\/figure>\n\n\n\n<h2 class=\"wp-block-heading\">K\u00f5ik \u00fclesanded on jagatud inimesteks<\/h2>\n\n\n\n<figure class=\"wp-block-image size-full\"><img loading=\"lazy\" decoding=\"async\" width=\"596\" height=\"346\" src=\"https:\/\/jelizavetaostapjuk23.thkit.ee\/wp\/wp-content\/uploads\/2025\/02\/image-5.png\" alt=\"\" class=\"wp-image-2181\" srcset=\"https:\/\/jelizavetaostapjuk23.thkit.ee\/wp\/wp-content\/uploads\/2025\/02\/image-5.png 596w, https:\/\/jelizavetaostapjuk23.thkit.ee\/wp\/wp-content\/uploads\/2025\/02\/image-5-300x174.png 300w, https:\/\/jelizavetaostapjuk23.thkit.ee\/wp\/wp-content\/uploads\/2025\/02\/image-5-150x87.png 150w, https:\/\/jelizavetaostapjuk23.thkit.ee\/wp\/wp-content\/uploads\/2025\/02\/image-5-400x232.png 400w\" sizes=\"auto, (max-width: 596px) 85vw, 596px\" \/><\/figure>\n","protected":false},"excerpt":{"rendered":"<p>T\u00f6\u00f6plaan Sprintid T\u00f6\u00f6laud Projekt on lingitud github&#8217;iga K\u00f5ik \u00fclesanded on jagatud inimesteks<\/p>\n","protected":false},"author":1,"featured_media":0,"parent":0,"menu_order":0,"comment_status":"closed","ping_status":"closed","template":"","meta":{"footnotes":""},"class_list":["post-2177","page","type-page","status-publish","hentry"],"yoast_head":"<!-- This site is optimized with the Yoast SEO plugin v27.3 - https:\/\/yoast.com\/product\/yoast-seo-wordpress\/ -->\n<title>JiRA: SCRUM projekt - Jelizaveta Ostapjuk portfoolio<\/title>\n<meta name=\"robots\" content=\"index, follow, max-snippet:-1, max-image-preview:large, max-video-preview:-1\" \/>\n<link rel=\"canonical\" href=\"https:\/\/jelizavetaostapjuk23.thkit.ee\/wp\/jira-scrum-projekt\/\" \/>\n<meta property=\"og:locale\" content=\"et_EE\" \/>\n<meta property=\"og:type\" content=\"article\" \/>\n<meta property=\"og:title\" content=\"JiRA: SCRUM projekt - Jelizaveta Ostapjuk portfoolio\" \/>\n<meta property=\"og:description\" content=\"T\u00f6\u00f6plaan Sprintid T\u00f6\u00f6laud Projekt on lingitud github&#8217;iga K\u00f5ik \u00fclesanded on jagatud inimesteks\" \/>\n<meta property=\"og:url\" content=\"https:\/\/jelizavetaostapjuk23.thkit.ee\/wp\/jira-scrum-projekt\/\" \/>\n<meta property=\"og:site_name\" content=\"Jelizaveta Ostapjuk portfoolio\" \/>\n<meta property=\"article:modified_time\" content=\"2025-02-03T10:27:50+00:00\" \/>\n<meta property=\"og:image\" content=\"https:\/\/jelizavetaostapjuk23.thkit.ee\/wp\/wp-content\/uploads\/2025\/02\/image-2.png\" \/>\n\t<meta property=\"og:image:width\" content=\"863\" \/>\n\t<meta property=\"og:image:height\" content=\"596\" \/>\n\t<meta property=\"og:image:type\" content=\"image\/png\" \/>\n<meta name=\"twitter:card\" content=\"summary_large_image\" \/>\n<meta name=\"twitter:label1\" content=\"Est. reading time\" \/>\n\t<meta name=\"twitter:data1\" content=\"2 minutit\" \/>\n<script type=\"application\/ld+json\" class=\"yoast-schema-graph\">{\"@context\":\"https:\\\/\\\/schema.org\",\"@graph\":[{\"@type\":\"WebPage\",\"@id\":\"https:\\\/\\\/jelizavetaostapjuk23.thkit.ee\\\/wp\\\/jira-scrum-projekt\\\/\",\"url\":\"https:\\\/\\\/jelizavetaostapjuk23.thkit.ee\\\/wp\\\/jira-scrum-projekt\\\/\",\"name\":\"JiRA: SCRUM projekt - Jelizaveta Ostapjuk portfoolio\",\"isPartOf\":{\"@id\":\"https:\\\/\\\/jelizavetaostapjuk23.thkit.ee\\\/wp\\\/#website\"},\"primaryImageOfPage\":{\"@id\":\"https:\\\/\\\/jelizavetaostapjuk23.thkit.ee\\\/wp\\\/jira-scrum-projekt\\\/#primaryimage\"},\"image\":{\"@id\":\"https:\\\/\\\/jelizavetaostapjuk23.thkit.ee\\\/wp\\\/jira-scrum-projekt\\\/#primaryimage\"},\"thumbnailUrl\":\"https:\\\/\\\/jelizavetaostapjuk23.thkit.ee\\\/wp\\\/wp-content\\\/uploads\\\/2025\\\/02\\\/image-2.png\",\"datePublished\":\"2025-02-03T10:27:49+00:00\",\"dateModified\":\"2025-02-03T10:27:50+00:00\",\"breadcrumb\":{\"@id\":\"https:\\\/\\\/jelizavetaostapjuk23.thkit.ee\\\/wp\\\/jira-scrum-projekt\\\/#breadcrumb\"},\"inLanguage\":\"et\",\"potentialAction\":[{\"@type\":\"ReadAction\",\"target\":[\"https:\\\/\\\/jelizavetaostapjuk23.thkit.ee\\\/wp\\\/jira-scrum-projekt\\\/\"]}]},{\"@type\":\"ImageObject\",\"inLanguage\":\"et\",\"@id\":\"https:\\\/\\\/jelizavetaostapjuk23.thkit.ee\\\/wp\\\/jira-scrum-projekt\\\/#primaryimage\",\"url\":\"https:\\\/\\\/jelizavetaostapjuk23.thkit.ee\\\/wp\\\/wp-content\\\/uploads\\\/2025\\\/02\\\/image-2.png\",\"contentUrl\":\"https:\\\/\\\/jelizavetaostapjuk23.thkit.ee\\\/wp\\\/wp-content\\\/uploads\\\/2025\\\/02\\\/image-2.png\",\"width\":863,\"height\":596},{\"@type\":\"BreadcrumbList\",\"@id\":\"https:\\\/\\\/jelizavetaostapjuk23.thkit.ee\\\/wp\\\/jira-scrum-projekt\\\/#breadcrumb\",\"itemListElement\":[{\"@type\":\"ListItem\",\"position\":1,\"name\":\"Home\",\"item\":\"https:\\\/\\\/jelizavetaostapjuk23.thkit.ee\\\/wp\\\/\"},{\"@type\":\"ListItem\",\"position\":2,\"name\":\"JiRA: SCRUM projekt\"}]},{\"@type\":\"WebSite\",\"@id\":\"https:\\\/\\\/jelizavetaostapjuk23.thkit.ee\\\/wp\\\/#website\",\"url\":\"https:\\\/\\\/jelizavetaostapjuk23.thkit.ee\\\/wp\\\/\",\"name\":\"Jelizaveta Ostapjuk portfoolio\",\"description\":\"Minu portfoolio\",\"potentialAction\":[{\"@type\":\"SearchAction\",\"target\":{\"@type\":\"EntryPoint\",\"urlTemplate\":\"https:\\\/\\\/jelizavetaostapjuk23.thkit.ee\\\/wp\\\/?s={search_term_string}\"},\"query-input\":{\"@type\":\"PropertyValueSpecification\",\"valueRequired\":true,\"valueName\":\"search_term_string\"}}],\"inLanguage\":\"et\"}]}<\/script>\n<!-- \/ Yoast SEO plugin. -->","yoast_head_json":{"title":"JiRA: SCRUM projekt - Jelizaveta Ostapjuk portfoolio","robots":{"index":"index","follow":"follow","max-snippet":"max-snippet:-1","max-image-preview":"max-image-preview:large","max-video-preview":"max-video-preview:-1"},"canonical":"https:\/\/jelizavetaostapjuk23.thkit.ee\/wp\/jira-scrum-projekt\/","og_locale":"et_EE","og_type":"article","og_title":"JiRA: SCRUM projekt - Jelizaveta Ostapjuk portfoolio","og_description":"T\u00f6\u00f6plaan Sprintid T\u00f6\u00f6laud Projekt on lingitud github&#8217;iga K\u00f5ik \u00fclesanded on jagatud inimesteks","og_url":"https:\/\/jelizavetaostapjuk23.thkit.ee\/wp\/jira-scrum-projekt\/","og_site_name":"Jelizaveta Ostapjuk portfoolio","article_modified_time":"2025-02-03T10:27:50+00:00","og_image":[{"width":863,"height":596,"url":"https:\/\/jelizavetaostapjuk23.thkit.ee\/wp\/wp-content\/uploads\/2025\/02\/image-2.png","type":"image\/png"}],"twitter_card":"summary_large_image","twitter_misc":{"Est. reading time":"2 minutit"},"schema":{"@context":"https:\/\/schema.org","@graph":[{"@type":"WebPage","@id":"https:\/\/jelizavetaostapjuk23.thkit.ee\/wp\/jira-scrum-projekt\/","url":"https:\/\/jelizavetaostapjuk23.thkit.ee\/wp\/jira-scrum-projekt\/","name":"JiRA: SCRUM projekt - Jelizaveta Ostapjuk portfoolio","isPartOf":{"@id":"https:\/\/jelizavetaostapjuk23.thkit.ee\/wp\/#website"},"primaryImageOfPage":{"@id":"https:\/\/jelizavetaostapjuk23.thkit.ee\/wp\/jira-scrum-projekt\/#primaryimage"},"image":{"@id":"https:\/\/jelizavetaostapjuk23.thkit.ee\/wp\/jira-scrum-projekt\/#primaryimage"},"thumbnailUrl":"https:\/\/jelizavetaostapjuk23.thkit.ee\/wp\/wp-content\/uploads\/2025\/02\/image-2.png","datePublished":"2025-02-03T10:27:49+00:00","dateModified":"2025-02-03T10:27:50+00:00","breadcrumb":{"@id":"https:\/\/jelizavetaostapjuk23.thkit.ee\/wp\/jira-scrum-projekt\/#breadcrumb"},"inLanguage":"et","potentialAction":[{"@type":"ReadAction","target":["https:\/\/jelizavetaostapjuk23.thkit.ee\/wp\/jira-scrum-projekt\/"]}]},{"@type":"ImageObject","inLanguage":"et","@id":"https:\/\/jelizavetaostapjuk23.thkit.ee\/wp\/jira-scrum-projekt\/#primaryimage","url":"https:\/\/jelizavetaostapjuk23.thkit.ee\/wp\/wp-content\/uploads\/2025\/02\/image-2.png","contentUrl":"https:\/\/jelizavetaostapjuk23.thkit.ee\/wp\/wp-content\/uploads\/2025\/02\/image-2.png","width":863,"height":596},{"@type":"BreadcrumbList","@id":"https:\/\/jelizavetaostapjuk23.thkit.ee\/wp\/jira-scrum-projekt\/#breadcrumb","itemListElement":[{"@type":"ListItem","position":1,"name":"Home","item":"https:\/\/jelizavetaostapjuk23.thkit.ee\/wp\/"},{"@type":"ListItem","position":2,"name":"JiRA: SCRUM projekt"}]},{"@type":"WebSite","@id":"https:\/\/jelizavetaostapjuk23.thkit.ee\/wp\/#website","url":"https:\/\/jelizavetaostapjuk23.thkit.ee\/wp\/","name":"Jelizaveta Ostapjuk portfoolio","description":"Minu portfoolio","potentialAction":[{"@type":"SearchAction","target":{"@type":"EntryPoint","urlTemplate":"https:\/\/jelizavetaostapjuk23.thkit.ee\/wp\/?s={search_term_string}"},"query-input":{"@type":"PropertyValueSpecification","valueRequired":true,"valueName":"search_term_string"}}],"inLanguage":"et"}]}},"_links":{"self":[{"href":"https:\/\/jelizavetaostapjuk23.thkit.ee\/wp\/wp-json\/wp\/v2\/pages\/2177","targetHints":{"allow":["GET"]}}],"collection":[{"href":"https:\/\/jelizavetaostapjuk23.thkit.ee\/wp\/wp-json\/wp\/v2\/pages"}],"about":[{"href":"https:\/\/jelizavetaostapjuk23.thkit.ee\/wp\/wp-json\/wp\/v2\/types\/page"}],"author":[{"embeddable":true,"href":"https:\/\/jelizavetaostapjuk23.thkit.ee\/wp\/wp-json\/wp\/v2\/users\/1"}],"replies":[{"embeddable":true,"href":"https:\/\/jelizavetaostapjuk23.thkit.ee\/wp\/wp-json\/wp\/v2\/comments?post=2177"}],"version-history":[{"count":1,"href":"https:\/\/jelizavetaostapjuk23.thkit.ee\/wp\/wp-json\/wp\/v2\/pages\/2177\/revisions"}],"predecessor-version":[{"id":2185,"href":"https:\/\/jelizavetaostapjuk23.thkit.ee\/wp\/wp-json\/wp\/v2\/pages\/2177\/revisions\/2185"}],"wp:attachment":[{"href":"https:\/\/jelizavetaostapjuk23.thkit.ee\/wp\/wp-json\/wp\/v2\/media?parent=2177"}],"curies":[{"name":"wp","href":"https:\/\/api.w.org\/{rel}","templated":true}]}}