{"id":2196,"date":"2025-02-17T11:19:37","date_gmt":"2025-02-17T08:19:37","guid":{"rendered":"https:\/\/jelizavetaostapjuk23.thkit.ee\/wp\/?page_id=2196"},"modified":"2025-02-17T12:52:30","modified_gmt":"2025-02-17T09:52:30","slug":"git-cmd-konspekt","status":"publish","type":"page","link":"https:\/\/jelizavetaostapjuk23.thkit.ee\/wp\/git-cmd-konspekt\/","title":{"rendered":"Git CMD konspekt"},"content":{"rendered":"\n<p><strong>git pull origin main<\/strong> &#8211; mida kasutatakse sisu k\u00e4ttesaamiseks ja allalaadimiseks kaugrepositooriumist ning kohaliku repositooriumi koheseks uuendamiseks, et see vastaks sellele sisule.<\/p>\n\n\n\n<p><strong>cd Desktop<\/strong><\/p>\n\n\n\n<p><strong>git clone<\/strong> &#8211; kasutatakse kaugrepositooriumi kohaliku koopia tegemiseks<\/p>\n\n\n\n<p><strong>git config &#8211;global user.name &#8220;Jelizaveta Ostapjuk&#8221;<\/strong> &#8211; See m\u00e4\u00e4rab teie nime globaalselt k\u00f5igile Git-repositooriumidele, millega te t\u00f6\u00f6tate.<br><br><strong>git config &#8211;global user.email &#8220;jelizaveta.ostapjuk.work@gmail.com&#8221;<\/strong> &#8211; See m\u00e4\u00e4rab teie e-posti aadressi globaalselt k\u00f5igi Git-repositooriumide jaoks.<\/p>\n\n\n\n<p><strong>git config &#8211;global &#8211;list<\/strong> &#8211; n\u00e4itab nimekirja k\u00f5igist Git-konfiguratsiooni seadetest, mida kohaldatakse globaalselt.<\/p>\n\n\n\n<p><strong>git checkout JelizavetaOstapjuk<\/strong> &#8211; See k\u00e4sk l\u00fclitub branchi nimega JelizavetaOstapjuk<br><br><strong>git branch JelizavetaOstapjuk<\/strong> &#8211; See k\u00e4sk loob uue branch nimega JelizavetaOstapjuk<\/p>\n\n\n\n<p>git status &#8211; See n\u00e4itab teie t\u00f6\u00f6kataloogi praegust seisu<\/p>\n\n\n\n<p><strong>git add . <\/strong>&#8211; See etapib k\u00f5ik muudetud failid teie t\u00f6\u00f6kataloogis j\u00e4rgmise kommiteerimise jaoks.<br><br><strong>git commit -a -m &#8220;git k\u00e4sud on kirjes&#8221;<\/strong> &#8211; tema loob commit&#8217;i<br><br><strong>git push<\/strong> &#8211; See l\u00fckkab teie kohalikud kommitid kaugrepositooriumi.<\/p>\n","protected":false},"excerpt":{"rendered":"<p>git pull origin main &#8211; mida kasutatakse sisu k\u00e4ttesaamiseks ja allalaadimiseks kaugrepositooriumist ning kohaliku repositooriumi koheseks uuendamiseks, et see vastaks sellele sisule. cd Desktop git clone &#8211; kasutatakse kaugrepositooriumi kohaliku koopia tegemiseks git config &#8211;global user.name &#8220;Jelizaveta Ostapjuk&#8221; &#8211; See m\u00e4\u00e4rab teie nime globaalselt k\u00f5igile Git-repositooriumidele, millega te t\u00f6\u00f6tate. git config &#8211;global user.email &#8220;jelizaveta.ostapjuk.work@gmail.com&#8221; &#8211; &hellip; <a href=\"https:\/\/jelizavetaostapjuk23.thkit.ee\/wp\/git-cmd-konspekt\/\" class=\"more-link\">Loe edasi<span class=\"screen-reader-text\"> &#8220;Git CMD konspekt&#8221;<\/span><\/a><\/p>\n","protected":false},"author":1,"featured_media":0,"parent":0,"menu_order":0,"comment_status":"closed","ping_status":"closed","template":"","meta":{"footnotes":""},"class_list":["post-2196","page","type-page","status-publish","hentry"],"yoast_head":"<!-- This site is optimized with the Yoast SEO plugin v27.3 - https:\/\/yoast.com\/product\/yoast-seo-wordpress\/ -->\n<title>Git CMD konspekt - Jelizaveta Ostapjuk portfoolio<\/title>\n<meta name=\"robots\" content=\"index, follow, max-snippet:-1, max-image-preview:large, max-video-preview:-1\" \/>\n<link rel=\"canonical\" href=\"https:\/\/jelizavetaostapjuk23.thkit.ee\/wp\/git-cmd-konspekt\/\" \/>\n<meta property=\"og:locale\" content=\"et_EE\" \/>\n<meta property=\"og:type\" content=\"article\" \/>\n<meta property=\"og:title\" content=\"Git CMD konspekt - Jelizaveta Ostapjuk portfoolio\" \/>\n<meta property=\"og:description\" content=\"git pull origin main &#8211; mida kasutatakse sisu k\u00e4ttesaamiseks ja allalaadimiseks kaugrepositooriumist ning kohaliku repositooriumi koheseks uuendamiseks, et see vastaks sellele sisule. cd Desktop git clone &#8211; kasutatakse kaugrepositooriumi kohaliku koopia tegemiseks git config &#8211;global user.name &#8220;Jelizaveta Ostapjuk&#8221; &#8211; See m\u00e4\u00e4rab teie nime globaalselt k\u00f5igile Git-repositooriumidele, millega te t\u00f6\u00f6tate. git config &#8211;global user.email &#8220;jelizaveta.ostapjuk.work@gmail.com&#8221; &#8211; &hellip; Loe edasi &quot;Git CMD konspekt&quot;\" \/>\n<meta property=\"og:url\" content=\"https:\/\/jelizavetaostapjuk23.thkit.ee\/wp\/git-cmd-konspekt\/\" \/>\n<meta property=\"og:site_name\" content=\"Jelizaveta Ostapjuk portfoolio\" \/>\n<meta property=\"article:modified_time\" content=\"2025-02-17T09:52:30+00:00\" \/>\n<meta name=\"twitter:card\" content=\"summary_large_image\" \/>\n<meta name=\"twitter:label1\" content=\"Est. reading time\" \/>\n\t<meta name=\"twitter:data1\" content=\"1 minut\" \/>\n<script type=\"application\/ld+json\" class=\"yoast-schema-graph\">{\"@context\":\"https:\\\/\\\/schema.org\",\"@graph\":[{\"@type\":\"WebPage\",\"@id\":\"https:\\\/\\\/jelizavetaostapjuk23.thkit.ee\\\/wp\\\/git-cmd-konspekt\\\/\",\"url\":\"https:\\\/\\\/jelizavetaostapjuk23.thkit.ee\\\/wp\\\/git-cmd-konspekt\\\/\",\"name\":\"Git CMD konspekt - Jelizaveta Ostapjuk portfoolio\",\"isPartOf\":{\"@id\":\"https:\\\/\\\/jelizavetaostapjuk23.thkit.ee\\\/wp\\\/#website\"},\"datePublished\":\"2025-02-17T08:19:37+00:00\",\"dateModified\":\"2025-02-17T09:52:30+00:00\",\"breadcrumb\":{\"@id\":\"https:\\\/\\\/jelizavetaostapjuk23.thkit.ee\\\/wp\\\/git-cmd-konspekt\\\/#breadcrumb\"},\"inLanguage\":\"et\",\"potentialAction\":[{\"@type\":\"ReadAction\",\"target\":[\"https:\\\/\\\/jelizavetaostapjuk23.thkit.ee\\\/wp\\\/git-cmd-konspekt\\\/\"]}]},{\"@type\":\"BreadcrumbList\",\"@id\":\"https:\\\/\\\/jelizavetaostapjuk23.thkit.ee\\\/wp\\\/git-cmd-konspekt\\\/#breadcrumb\",\"itemListElement\":[{\"@type\":\"ListItem\",\"position\":1,\"name\":\"Home\",\"item\":\"https:\\\/\\\/jelizavetaostapjuk23.thkit.ee\\\/wp\\\/\"},{\"@type\":\"ListItem\",\"position\":2,\"name\":\"Git CMD konspekt\"}]},{\"@type\":\"WebSite\",\"@id\":\"https:\\\/\\\/jelizavetaostapjuk23.thkit.ee\\\/wp\\\/#website\",\"url\":\"https:\\\/\\\/jelizavetaostapjuk23.thkit.ee\\\/wp\\\/\",\"name\":\"Jelizaveta Ostapjuk portfoolio\",\"description\":\"Minu portfoolio\",\"potentialAction\":[{\"@type\":\"SearchAction\",\"target\":{\"@type\":\"EntryPoint\",\"urlTemplate\":\"https:\\\/\\\/jelizavetaostapjuk23.thkit.ee\\\/wp\\\/?s={search_term_string}\"},\"query-input\":{\"@type\":\"PropertyValueSpecification\",\"valueRequired\":true,\"valueName\":\"search_term_string\"}}],\"inLanguage\":\"et\"}]}<\/script>\n<!-- \/ Yoast SEO plugin. -->","yoast_head_json":{"title":"Git CMD konspekt - Jelizaveta Ostapjuk portfoolio","robots":{"index":"index","follow":"follow","max-snippet":"max-snippet:-1","max-image-preview":"max-image-preview:large","max-video-preview":"max-video-preview:-1"},"canonical":"https:\/\/jelizavetaostapjuk23.thkit.ee\/wp\/git-cmd-konspekt\/","og_locale":"et_EE","og_type":"article","og_title":"Git CMD konspekt - Jelizaveta Ostapjuk portfoolio","og_description":"git pull origin main &#8211; mida kasutatakse sisu k\u00e4ttesaamiseks ja allalaadimiseks kaugrepositooriumist ning kohaliku repositooriumi koheseks uuendamiseks, et see vastaks sellele sisule. cd Desktop git clone &#8211; kasutatakse kaugrepositooriumi kohaliku koopia tegemiseks git config &#8211;global user.name &#8220;Jelizaveta Ostapjuk&#8221; &#8211; See m\u00e4\u00e4rab teie nime globaalselt k\u00f5igile Git-repositooriumidele, millega te t\u00f6\u00f6tate. git config &#8211;global user.email &#8220;jelizaveta.ostapjuk.work@gmail.com&#8221; &#8211; &hellip; Loe edasi \"Git CMD konspekt\"","og_url":"https:\/\/jelizavetaostapjuk23.thkit.ee\/wp\/git-cmd-konspekt\/","og_site_name":"Jelizaveta Ostapjuk portfoolio","article_modified_time":"2025-02-17T09:52:30+00:00","twitter_card":"summary_large_image","twitter_misc":{"Est. reading time":"1 minut"},"schema":{"@context":"https:\/\/schema.org","@graph":[{"@type":"WebPage","@id":"https:\/\/jelizavetaostapjuk23.thkit.ee\/wp\/git-cmd-konspekt\/","url":"https:\/\/jelizavetaostapjuk23.thkit.ee\/wp\/git-cmd-konspekt\/","name":"Git CMD konspekt - Jelizaveta Ostapjuk portfoolio","isPartOf":{"@id":"https:\/\/jelizavetaostapjuk23.thkit.ee\/wp\/#website"},"datePublished":"2025-02-17T08:19:37+00:00","dateModified":"2025-02-17T09:52:30+00:00","breadcrumb":{"@id":"https:\/\/jelizavetaostapjuk23.thkit.ee\/wp\/git-cmd-konspekt\/#breadcrumb"},"inLanguage":"et","potentialAction":[{"@type":"ReadAction","target":["https:\/\/jelizavetaostapjuk23.thkit.ee\/wp\/git-cmd-konspekt\/"]}]},{"@type":"BreadcrumbList","@id":"https:\/\/jelizavetaostapjuk23.thkit.ee\/wp\/git-cmd-konspekt\/#breadcrumb","itemListElement":[{"@type":"ListItem","position":1,"name":"Home","item":"https:\/\/jelizavetaostapjuk23.thkit.ee\/wp\/"},{"@type":"ListItem","position":2,"name":"Git CMD konspekt"}]},{"@type":"WebSite","@id":"https:\/\/jelizavetaostapjuk23.thkit.ee\/wp\/#website","url":"https:\/\/jelizavetaostapjuk23.thkit.ee\/wp\/","name":"Jelizaveta Ostapjuk portfoolio","description":"Minu portfoolio","potentialAction":[{"@type":"SearchAction","target":{"@type":"EntryPoint","urlTemplate":"https:\/\/jelizavetaostapjuk23.thkit.ee\/wp\/?s={search_term_string}"},"query-input":{"@type":"PropertyValueSpecification","valueRequired":true,"valueName":"search_term_string"}}],"inLanguage":"et"}]}},"_links":{"self":[{"href":"https:\/\/jelizavetaostapjuk23.thkit.ee\/wp\/wp-json\/wp\/v2\/pages\/2196","targetHints":{"allow":["GET"]}}],"collection":[{"href":"https:\/\/jelizavetaostapjuk23.thkit.ee\/wp\/wp-json\/wp\/v2\/pages"}],"about":[{"href":"https:\/\/jelizavetaostapjuk23.thkit.ee\/wp\/wp-json\/wp\/v2\/types\/page"}],"author":[{"embeddable":true,"href":"https:\/\/jelizavetaostapjuk23.thkit.ee\/wp\/wp-json\/wp\/v2\/users\/1"}],"replies":[{"embeddable":true,"href":"https:\/\/jelizavetaostapjuk23.thkit.ee\/wp\/wp-json\/wp\/v2\/comments?post=2196"}],"version-history":[{"count":2,"href":"https:\/\/jelizavetaostapjuk23.thkit.ee\/wp\/wp-json\/wp\/v2\/pages\/2196\/revisions"}],"predecessor-version":[{"id":2217,"href":"https:\/\/jelizavetaostapjuk23.thkit.ee\/wp\/wp-json\/wp\/v2\/pages\/2196\/revisions\/2217"}],"wp:attachment":[{"href":"https:\/\/jelizavetaostapjuk23.thkit.ee\/wp\/wp-json\/wp\/v2\/media?parent=2196"}],"curies":[{"name":"wp","href":"https:\/\/api.w.org\/{rel}","templated":true}]}}