{"id":2538,"date":"2025-09-11T13:19:10","date_gmt":"2025-09-11T10:19:10","guid":{"rendered":"https:\/\/jelizavetaostapjuk23.thkit.ee\/wp\/?page_id=2538"},"modified":"2025-09-18T11:53:33","modified_gmt":"2025-09-18T08:53:33","slug":"rest-api-demo-kaima-saamine","status":"publish","type":"page","link":"https:\/\/jelizavetaostapjuk23.thkit.ee\/wp\/rest-api-demo-kaima-saamine\/","title":{"rendered":"H1: Rest API demo k\u00e4ima saamine"},"content":{"rendered":"\n<p><\/p>\n\n\n\n<ol class=\"wp-block-list\">\n<li>Paigalda Node.js (kui on vaja)<\/li>\n<\/ol>\n\n\n\n<figure class=\"wp-block-image size-full\"><img loading=\"lazy\" decoding=\"async\" width=\"648\" height=\"218\" src=\"https:\/\/jelizavetaostapjuk23.thkit.ee\/wp\/wp-content\/uploads\/2025\/09\/C82C1D44-C893-419B-A8D3-7FDF11E25BC6.png\" alt=\"\" class=\"wp-image-2539\" srcset=\"https:\/\/jelizavetaostapjuk23.thkit.ee\/wp\/wp-content\/uploads\/2025\/09\/C82C1D44-C893-419B-A8D3-7FDF11E25BC6.png 648w, https:\/\/jelizavetaostapjuk23.thkit.ee\/wp\/wp-content\/uploads\/2025\/09\/C82C1D44-C893-419B-A8D3-7FDF11E25BC6-300x101.png 300w, https:\/\/jelizavetaostapjuk23.thkit.ee\/wp\/wp-content\/uploads\/2025\/09\/C82C1D44-C893-419B-A8D3-7FDF11E25BC6-150x50.png 150w, https:\/\/jelizavetaostapjuk23.thkit.ee\/wp\/wp-content\/uploads\/2025\/09\/C82C1D44-C893-419B-A8D3-7FDF11E25BC6-400x135.png 400w\" sizes=\"auto, (max-width: 648px) 85vw, 648px\" \/><\/figure>\n\n\n\n<p>2. Loo selles kaustas JavaScript-fail<\/p>\n\n\n\n<figure class=\"wp-block-image size-full\"><img loading=\"lazy\" decoding=\"async\" width=\"259\" height=\"140\" src=\"https:\/\/jelizavetaostapjuk23.thkit.ee\/wp\/wp-content\/uploads\/2025\/09\/C9835382-4E07-4278-8E8B-F0B9884885B2.png\" alt=\"\" class=\"wp-image-2546\" srcset=\"https:\/\/jelizavetaostapjuk23.thkit.ee\/wp\/wp-content\/uploads\/2025\/09\/C9835382-4E07-4278-8E8B-F0B9884885B2.png 259w, https:\/\/jelizavetaostapjuk23.thkit.ee\/wp\/wp-content\/uploads\/2025\/09\/C9835382-4E07-4278-8E8B-F0B9884885B2-150x81.png 150w\" sizes=\"auto, (max-width: 259px) 85vw, 259px\" \/><\/figure>\n\n\n\n<p>3. Kirjuta kood, et saada andmed API-st<\/p>\n\n\n<div class=\"wp-block-syntaxhighlighter-code \"><pre class=\"brush: jscript; title: ; notranslate\" title=\"\">\nconst  express = require(&#039;express&#039;);\nconst  cors = require(&#039;cors&#039;);\n\nconst app = express();\n\napp.use(cors());\napp.use(express.json());\nconst widgets = &#x5B;\n    { id : 1, name: &quot;Jelizaveta&quot;, age:&quot;21&quot;},\n    { id : 2, name: &quot;Aljona&quot;, age:&quot;32&quot;},\n    { id : 3, name: &quot;Volodimir&quot;, age:&quot;27&quot;}\n];\n\napp.get(&#039;\/widgets&#039;, (req, res) =&gt; {\n    res.send(widgets);\n});\n\napp.get(&#039;\/widgets\/:id&#039;, (req, res) =&gt; {\n    if (typeof widgets&#x5B;req.params.id - 1] === &#039;undefined&#039;) {\n        return res.status(404).send({error: &quot;Widget not found&quot; })\n    }\n    res.send(widgets&#x5B;req.params.id - 1])\n})\n\napp.post(&#039;widgets&#039;, (req, res) =&gt; {\n    if (!req.body.name || !req.body.age) {\n        return res.status(400).send({ error : &quot;One or all params are missing&quot;})\n    }\n    let newWidget = {\n        id: widgets.length +1,\n        name: req.body.name,\n        age: req.body.age\n    }\n    widgets.push(newWidget)\n    req.status(201)\n        .location(&#039;localhost:8080\/widgets\/&#039; + (widgets.length -1))\n        .send(newWidget)\n})\n\napp.delete(&#039;\/widgets\/:id&#039;, (req, res) =&gt; {\n    if (typeof widgets&#x5B;req.params.id -1] === &#039;undefined&#039;) {\n        return res.status(404).send({ error: &quot;Widget not found&quot;})\n    }\n    widgets.splice(req.params.id -1, 1)\n    res.status(204).send()\n})\n\napp.listen(8080, () =&gt; {\n    console.log(&#039;API up at: http:\/\/localhost:8080&#039;)\n})\n<\/pre><\/div>\n\n\n<p>4. Lae alla laiendus nimega Postman<\/p>\n\n\n\n<figure class=\"wp-block-image size-full\"><img loading=\"lazy\" decoding=\"async\" width=\"295\" height=\"127\" src=\"https:\/\/jelizavetaostapjuk23.thkit.ee\/wp\/wp-content\/uploads\/2025\/09\/AACDC144-8B1C-47F6-88C4-4CF264CA7054.png\" alt=\"\" class=\"wp-image-2547\" srcset=\"https:\/\/jelizavetaostapjuk23.thkit.ee\/wp\/wp-content\/uploads\/2025\/09\/AACDC144-8B1C-47F6-88C4-4CF264CA7054.png 295w, https:\/\/jelizavetaostapjuk23.thkit.ee\/wp\/wp-content\/uploads\/2025\/09\/AACDC144-8B1C-47F6-88C4-4CF264CA7054-150x65.png 150w\" sizes=\"auto, (max-width: 295px) 85vw, 295px\" \/><\/figure>\n\n\n\n<p>5.k\u00e4ivita oma rakendus terminalis<\/p>\n\n\n\n<figure class=\"wp-block-image size-full\"><img loading=\"lazy\" decoding=\"async\" width=\"468\" height=\"96\" src=\"https:\/\/jelizavetaostapjuk23.thkit.ee\/wp\/wp-content\/uploads\/2025\/09\/281D8756-4CCB-4CCA-A3EA-357C0A5E7A5F.png\" alt=\"\" class=\"wp-image-2549\" srcset=\"https:\/\/jelizavetaostapjuk23.thkit.ee\/wp\/wp-content\/uploads\/2025\/09\/281D8756-4CCB-4CCA-A3EA-357C0A5E7A5F.png 468w, https:\/\/jelizavetaostapjuk23.thkit.ee\/wp\/wp-content\/uploads\/2025\/09\/281D8756-4CCB-4CCA-A3EA-357C0A5E7A5F-300x62.png 300w, https:\/\/jelizavetaostapjuk23.thkit.ee\/wp\/wp-content\/uploads\/2025\/09\/281D8756-4CCB-4CCA-A3EA-357C0A5E7A5F-150x31.png 150w, https:\/\/jelizavetaostapjuk23.thkit.ee\/wp\/wp-content\/uploads\/2025\/09\/281D8756-4CCB-4CCA-A3EA-357C0A5E7A5F-400x82.png 400w\" sizes=\"auto, (max-width: 468px) 85vw, 468px\" \/><\/figure>\n\n\n\n<p>6. Postman UI-s kl\u00f5psake nuppu \u201eNew HTTP Request\u201d.<\/p>\n\n\n\n<figure class=\"wp-block-image size-full\"><img loading=\"lazy\" decoding=\"async\" width=\"303\" height=\"528\" src=\"https:\/\/jelizavetaostapjuk23.thkit.ee\/wp\/wp-content\/uploads\/2025\/09\/8AA209F9-3DEF-41C9-B56A-D99D88CED25B.png\" alt=\"\" class=\"wp-image-2548\" srcset=\"https:\/\/jelizavetaostapjuk23.thkit.ee\/wp\/wp-content\/uploads\/2025\/09\/8AA209F9-3DEF-41C9-B56A-D99D88CED25B.png 303w, https:\/\/jelizavetaostapjuk23.thkit.ee\/wp\/wp-content\/uploads\/2025\/09\/8AA209F9-3DEF-41C9-B56A-D99D88CED25B-172x300.png 172w, https:\/\/jelizavetaostapjuk23.thkit.ee\/wp\/wp-content\/uploads\/2025\/09\/8AA209F9-3DEF-41C9-B56A-D99D88CED25B-86x150.png 86w\" sizes=\"auto, (max-width: 303px) 85vw, 303px\" \/><\/figure>\n\n\n\n<p>7.Kasutajaliideses, kus Post v\u00f5i Get meetod paneb sinna sinu URL-i<\/p>\n\n\n\n<figure class=\"wp-block-image size-full\"><img loading=\"lazy\" decoding=\"async\" width=\"383\" height=\"124\" src=\"https:\/\/jelizavetaostapjuk23.thkit.ee\/wp\/wp-content\/uploads\/2025\/09\/80220BAC-7C36-47C2-9222-7E788749C825.png\" alt=\"\" class=\"wp-image-2550\" srcset=\"https:\/\/jelizavetaostapjuk23.thkit.ee\/wp\/wp-content\/uploads\/2025\/09\/80220BAC-7C36-47C2-9222-7E788749C825.png 383w, https:\/\/jelizavetaostapjuk23.thkit.ee\/wp\/wp-content\/uploads\/2025\/09\/80220BAC-7C36-47C2-9222-7E788749C825-300x97.png 300w, https:\/\/jelizavetaostapjuk23.thkit.ee\/wp\/wp-content\/uploads\/2025\/09\/80220BAC-7C36-47C2-9222-7E788749C825-150x49.png 150w\" sizes=\"auto, (max-width: 383px) 85vw, 383px\" \/><\/figure>\n\n\n\n<p>8. Tulemust saate n\u00e4ha allpool<\/p>\n\n\n\n<figure class=\"wp-block-image size-full\"><img loading=\"lazy\" decoding=\"async\" width=\"545\" height=\"513\" src=\"https:\/\/jelizavetaostapjuk23.thkit.ee\/wp\/wp-content\/uploads\/2025\/09\/AF03D730-8874-44C8-B271-E6267A19EE79.png\" alt=\"\" class=\"wp-image-2551\" srcset=\"https:\/\/jelizavetaostapjuk23.thkit.ee\/wp\/wp-content\/uploads\/2025\/09\/AF03D730-8874-44C8-B271-E6267A19EE79.png 545w, https:\/\/jelizavetaostapjuk23.thkit.ee\/wp\/wp-content\/uploads\/2025\/09\/AF03D730-8874-44C8-B271-E6267A19EE79-300x282.png 300w, https:\/\/jelizavetaostapjuk23.thkit.ee\/wp\/wp-content\/uploads\/2025\/09\/AF03D730-8874-44C8-B271-E6267A19EE79-150x141.png 150w, https:\/\/jelizavetaostapjuk23.thkit.ee\/wp\/wp-content\/uploads\/2025\/09\/AF03D730-8874-44C8-B271-E6267A19EE79-400x377.png 400w\" sizes=\"auto, (max-width: 545px) 85vw, 545px\" \/><\/figure>\n\n\n\n<p>9. K\u00f5ik metoodid<\/p>\n\n\n\n<figure class=\"wp-block-image size-full\"><img loading=\"lazy\" decoding=\"async\" width=\"312\" height=\"63\" src=\"https:\/\/jelizavetaostapjuk23.thkit.ee\/wp\/wp-content\/uploads\/2025\/09\/E8CB6483-150E-4CC8-9430-775FBEE34915.png\" alt=\"\" class=\"wp-image-2557\" srcset=\"https:\/\/jelizavetaostapjuk23.thkit.ee\/wp\/wp-content\/uploads\/2025\/09\/E8CB6483-150E-4CC8-9430-775FBEE34915.png 312w, https:\/\/jelizavetaostapjuk23.thkit.ee\/wp\/wp-content\/uploads\/2025\/09\/E8CB6483-150E-4CC8-9430-775FBEE34915-300x61.png 300w, https:\/\/jelizavetaostapjuk23.thkit.ee\/wp\/wp-content\/uploads\/2025\/09\/E8CB6483-150E-4CC8-9430-775FBEE34915-150x30.png 150w\" sizes=\"auto, (max-width: 312px) 85vw, 312px\" \/><\/figure>\n\n\n\n<figure class=\"wp-block-image size-full\"><img loading=\"lazy\" decoding=\"async\" width=\"395\" height=\"243\" src=\"https:\/\/jelizavetaostapjuk23.thkit.ee\/wp\/wp-content\/uploads\/2025\/09\/7AFF5153-6651-4B76-A9C0-5E5CD488EA01.png\" alt=\"\" class=\"wp-image-2558\" srcset=\"https:\/\/jelizavetaostapjuk23.thkit.ee\/wp\/wp-content\/uploads\/2025\/09\/7AFF5153-6651-4B76-A9C0-5E5CD488EA01.png 395w, https:\/\/jelizavetaostapjuk23.thkit.ee\/wp\/wp-content\/uploads\/2025\/09\/7AFF5153-6651-4B76-A9C0-5E5CD488EA01-300x185.png 300w, https:\/\/jelizavetaostapjuk23.thkit.ee\/wp\/wp-content\/uploads\/2025\/09\/7AFF5153-6651-4B76-A9C0-5E5CD488EA01-150x92.png 150w\" sizes=\"auto, (max-width: 395px) 85vw, 395px\" \/><\/figure>\n\n\n\n<figure class=\"wp-block-image size-full\"><img loading=\"lazy\" decoding=\"async\" width=\"382\" height=\"70\" src=\"https:\/\/jelizavetaostapjuk23.thkit.ee\/wp\/wp-content\/uploads\/2025\/09\/62AF8615-FFA4-45F0-AB66-E684FC1B29B9.png\" alt=\"\" class=\"wp-image-2559\" srcset=\"https:\/\/jelizavetaostapjuk23.thkit.ee\/wp\/wp-content\/uploads\/2025\/09\/62AF8615-FFA4-45F0-AB66-E684FC1B29B9.png 382w, https:\/\/jelizavetaostapjuk23.thkit.ee\/wp\/wp-content\/uploads\/2025\/09\/62AF8615-FFA4-45F0-AB66-E684FC1B29B9-300x55.png 300w, https:\/\/jelizavetaostapjuk23.thkit.ee\/wp\/wp-content\/uploads\/2025\/09\/62AF8615-FFA4-45F0-AB66-E684FC1B29B9-150x27.png 150w\" sizes=\"auto, (max-width: 382px) 85vw, 382px\" \/><\/figure>\n\n\n\n<h2 class=\"wp-block-heading\">Kokkuv\u00f5te<\/h2>\n\n\n\n<p>K\u00f5ik kasutavad p\u00e4ringud t\u00f6\u00f6tavad<\/p>\n","protected":false},"excerpt":{"rendered":"<p>2. Loo selles kaustas JavaScript-fail 3. Kirjuta kood, et saada andmed API-st 4. Lae alla laiendus nimega Postman 5.k\u00e4ivita oma rakendus terminalis 6. Postman UI-s kl\u00f5psake nuppu \u201eNew HTTP Request\u201d. 7.Kasutajaliideses, kus Post v\u00f5i Get meetod paneb sinna sinu URL-i 8. Tulemust saate n\u00e4ha allpool 9. K\u00f5ik metoodid Kokkuv\u00f5te K\u00f5ik kasutavad p\u00e4ringud t\u00f6\u00f6tavad<\/p>\n","protected":false},"author":1,"featured_media":0,"parent":0,"menu_order":0,"comment_status":"closed","ping_status":"closed","template":"","meta":{"footnotes":""},"class_list":["post-2538","page","type-page","status-publish","hentry"],"yoast_head":"<!-- This site is optimized with the Yoast SEO plugin v27.3 - https:\/\/yoast.com\/product\/yoast-seo-wordpress\/ -->\n<title>H1: Rest API demo k\u00e4ima saamine - Jelizaveta Ostapjuk portfoolio<\/title>\n<meta name=\"robots\" content=\"index, follow, max-snippet:-1, max-image-preview:large, max-video-preview:-1\" \/>\n<link rel=\"canonical\" href=\"https:\/\/jelizavetaostapjuk23.thkit.ee\/wp\/rest-api-demo-kaima-saamine\/\" \/>\n<meta property=\"og:locale\" content=\"et_EE\" \/>\n<meta property=\"og:type\" content=\"article\" \/>\n<meta property=\"og:title\" content=\"H1: Rest API demo k\u00e4ima saamine - Jelizaveta Ostapjuk portfoolio\" \/>\n<meta property=\"og:description\" content=\"2. Loo selles kaustas JavaScript-fail 3. Kirjuta kood, et saada andmed API-st 4. Lae alla laiendus nimega Postman 5.k\u00e4ivita oma rakendus terminalis 6. Postman UI-s kl\u00f5psake nuppu \u201eNew HTTP Request\u201d. 7.Kasutajaliideses, kus Post v\u00f5i Get meetod paneb sinna sinu URL-i 8. Tulemust saate n\u00e4ha allpool 9. K\u00f5ik metoodid Kokkuv\u00f5te K\u00f5ik kasutavad p\u00e4ringud t\u00f6\u00f6tavad\" \/>\n<meta property=\"og:url\" content=\"https:\/\/jelizavetaostapjuk23.thkit.ee\/wp\/rest-api-demo-kaima-saamine\/\" \/>\n<meta property=\"og:site_name\" content=\"Jelizaveta Ostapjuk portfoolio\" \/>\n<meta property=\"article:modified_time\" content=\"2025-09-18T08:53:33+00:00\" \/>\n<meta property=\"og:image\" content=\"https:\/\/jelizavetaostapjuk23.thkit.ee\/wp\/wp-content\/uploads\/2025\/09\/C82C1D44-C893-419B-A8D3-7FDF11E25BC6.png\" \/>\n\t<meta property=\"og:image:width\" content=\"648\" \/>\n\t<meta property=\"og:image:height\" content=\"218\" \/>\n\t<meta property=\"og:image:type\" content=\"image\/png\" \/>\n<meta name=\"twitter:card\" content=\"summary_large_image\" \/>\n<script type=\"application\/ld+json\" class=\"yoast-schema-graph\">{\"@context\":\"https:\\\/\\\/schema.org\",\"@graph\":[{\"@type\":\"WebPage\",\"@id\":\"https:\\\/\\\/jelizavetaostapjuk23.thkit.ee\\\/wp\\\/rest-api-demo-kaima-saamine\\\/\",\"url\":\"https:\\\/\\\/jelizavetaostapjuk23.thkit.ee\\\/wp\\\/rest-api-demo-kaima-saamine\\\/\",\"name\":\"H1: Rest API demo k\u00e4ima saamine - Jelizaveta Ostapjuk portfoolio\",\"isPartOf\":{\"@id\":\"https:\\\/\\\/jelizavetaostapjuk23.thkit.ee\\\/wp\\\/#website\"},\"primaryImageOfPage\":{\"@id\":\"https:\\\/\\\/jelizavetaostapjuk23.thkit.ee\\\/wp\\\/rest-api-demo-kaima-saamine\\\/#primaryimage\"},\"image\":{\"@id\":\"https:\\\/\\\/jelizavetaostapjuk23.thkit.ee\\\/wp\\\/rest-api-demo-kaima-saamine\\\/#primaryimage\"},\"thumbnailUrl\":\"https:\\\/\\\/jelizavetaostapjuk23.thkit.ee\\\/wp\\\/wp-content\\\/uploads\\\/2025\\\/09\\\/C82C1D44-C893-419B-A8D3-7FDF11E25BC6.png\",\"datePublished\":\"2025-09-11T10:19:10+00:00\",\"dateModified\":\"2025-09-18T08:53:33+00:00\",\"breadcrumb\":{\"@id\":\"https:\\\/\\\/jelizavetaostapjuk23.thkit.ee\\\/wp\\\/rest-api-demo-kaima-saamine\\\/#breadcrumb\"},\"inLanguage\":\"et\",\"potentialAction\":[{\"@type\":\"ReadAction\",\"target\":[\"https:\\\/\\\/jelizavetaostapjuk23.thkit.ee\\\/wp\\\/rest-api-demo-kaima-saamine\\\/\"]}]},{\"@type\":\"ImageObject\",\"inLanguage\":\"et\",\"@id\":\"https:\\\/\\\/jelizavetaostapjuk23.thkit.ee\\\/wp\\\/rest-api-demo-kaima-saamine\\\/#primaryimage\",\"url\":\"https:\\\/\\\/jelizavetaostapjuk23.thkit.ee\\\/wp\\\/wp-content\\\/uploads\\\/2025\\\/09\\\/C82C1D44-C893-419B-A8D3-7FDF11E25BC6.png\",\"contentUrl\":\"https:\\\/\\\/jelizavetaostapjuk23.thkit.ee\\\/wp\\\/wp-content\\\/uploads\\\/2025\\\/09\\\/C82C1D44-C893-419B-A8D3-7FDF11E25BC6.png\",\"width\":648,\"height\":218},{\"@type\":\"BreadcrumbList\",\"@id\":\"https:\\\/\\\/jelizavetaostapjuk23.thkit.ee\\\/wp\\\/rest-api-demo-kaima-saamine\\\/#breadcrumb\",\"itemListElement\":[{\"@type\":\"ListItem\",\"position\":1,\"name\":\"Home\",\"item\":\"https:\\\/\\\/jelizavetaostapjuk23.thkit.ee\\\/wp\\\/\"},{\"@type\":\"ListItem\",\"position\":2,\"name\":\"H1: Rest API demo k\u00e4ima saamine\"}]},{\"@type\":\"WebSite\",\"@id\":\"https:\\\/\\\/jelizavetaostapjuk23.thkit.ee\\\/wp\\\/#website\",\"url\":\"https:\\\/\\\/jelizavetaostapjuk23.thkit.ee\\\/wp\\\/\",\"name\":\"Jelizaveta Ostapjuk portfoolio\",\"description\":\"Minu portfoolio\",\"potentialAction\":[{\"@type\":\"SearchAction\",\"target\":{\"@type\":\"EntryPoint\",\"urlTemplate\":\"https:\\\/\\\/jelizavetaostapjuk23.thkit.ee\\\/wp\\\/?s={search_term_string}\"},\"query-input\":{\"@type\":\"PropertyValueSpecification\",\"valueRequired\":true,\"valueName\":\"search_term_string\"}}],\"inLanguage\":\"et\"}]}<\/script>\n<!-- \/ Yoast SEO plugin. -->","yoast_head_json":{"title":"H1: Rest API demo k\u00e4ima saamine - Jelizaveta Ostapjuk portfoolio","robots":{"index":"index","follow":"follow","max-snippet":"max-snippet:-1","max-image-preview":"max-image-preview:large","max-video-preview":"max-video-preview:-1"},"canonical":"https:\/\/jelizavetaostapjuk23.thkit.ee\/wp\/rest-api-demo-kaima-saamine\/","og_locale":"et_EE","og_type":"article","og_title":"H1: Rest API demo k\u00e4ima saamine - Jelizaveta Ostapjuk portfoolio","og_description":"2. Loo selles kaustas JavaScript-fail 3. Kirjuta kood, et saada andmed API-st 4. Lae alla laiendus nimega Postman 5.k\u00e4ivita oma rakendus terminalis 6. Postman UI-s kl\u00f5psake nuppu \u201eNew HTTP Request\u201d. 7.Kasutajaliideses, kus Post v\u00f5i Get meetod paneb sinna sinu URL-i 8. Tulemust saate n\u00e4ha allpool 9. K\u00f5ik metoodid Kokkuv\u00f5te K\u00f5ik kasutavad p\u00e4ringud t\u00f6\u00f6tavad","og_url":"https:\/\/jelizavetaostapjuk23.thkit.ee\/wp\/rest-api-demo-kaima-saamine\/","og_site_name":"Jelizaveta Ostapjuk portfoolio","article_modified_time":"2025-09-18T08:53:33+00:00","og_image":[{"width":648,"height":218,"url":"https:\/\/jelizavetaostapjuk23.thkit.ee\/wp\/wp-content\/uploads\/2025\/09\/C82C1D44-C893-419B-A8D3-7FDF11E25BC6.png","type":"image\/png"}],"twitter_card":"summary_large_image","schema":{"@context":"https:\/\/schema.org","@graph":[{"@type":"WebPage","@id":"https:\/\/jelizavetaostapjuk23.thkit.ee\/wp\/rest-api-demo-kaima-saamine\/","url":"https:\/\/jelizavetaostapjuk23.thkit.ee\/wp\/rest-api-demo-kaima-saamine\/","name":"H1: Rest API demo k\u00e4ima saamine - Jelizaveta Ostapjuk portfoolio","isPartOf":{"@id":"https:\/\/jelizavetaostapjuk23.thkit.ee\/wp\/#website"},"primaryImageOfPage":{"@id":"https:\/\/jelizavetaostapjuk23.thkit.ee\/wp\/rest-api-demo-kaima-saamine\/#primaryimage"},"image":{"@id":"https:\/\/jelizavetaostapjuk23.thkit.ee\/wp\/rest-api-demo-kaima-saamine\/#primaryimage"},"thumbnailUrl":"https:\/\/jelizavetaostapjuk23.thkit.ee\/wp\/wp-content\/uploads\/2025\/09\/C82C1D44-C893-419B-A8D3-7FDF11E25BC6.png","datePublished":"2025-09-11T10:19:10+00:00","dateModified":"2025-09-18T08:53:33+00:00","breadcrumb":{"@id":"https:\/\/jelizavetaostapjuk23.thkit.ee\/wp\/rest-api-demo-kaima-saamine\/#breadcrumb"},"inLanguage":"et","potentialAction":[{"@type":"ReadAction","target":["https:\/\/jelizavetaostapjuk23.thkit.ee\/wp\/rest-api-demo-kaima-saamine\/"]}]},{"@type":"ImageObject","inLanguage":"et","@id":"https:\/\/jelizavetaostapjuk23.thkit.ee\/wp\/rest-api-demo-kaima-saamine\/#primaryimage","url":"https:\/\/jelizavetaostapjuk23.thkit.ee\/wp\/wp-content\/uploads\/2025\/09\/C82C1D44-C893-419B-A8D3-7FDF11E25BC6.png","contentUrl":"https:\/\/jelizavetaostapjuk23.thkit.ee\/wp\/wp-content\/uploads\/2025\/09\/C82C1D44-C893-419B-A8D3-7FDF11E25BC6.png","width":648,"height":218},{"@type":"BreadcrumbList","@id":"https:\/\/jelizavetaostapjuk23.thkit.ee\/wp\/rest-api-demo-kaima-saamine\/#breadcrumb","itemListElement":[{"@type":"ListItem","position":1,"name":"Home","item":"https:\/\/jelizavetaostapjuk23.thkit.ee\/wp\/"},{"@type":"ListItem","position":2,"name":"H1: Rest API demo k\u00e4ima saamine"}]},{"@type":"WebSite","@id":"https:\/\/jelizavetaostapjuk23.thkit.ee\/wp\/#website","url":"https:\/\/jelizavetaostapjuk23.thkit.ee\/wp\/","name":"Jelizaveta Ostapjuk portfoolio","description":"Minu portfoolio","potentialAction":[{"@type":"SearchAction","target":{"@type":"EntryPoint","urlTemplate":"https:\/\/jelizavetaostapjuk23.thkit.ee\/wp\/?s={search_term_string}"},"query-input":{"@type":"PropertyValueSpecification","valueRequired":true,"valueName":"search_term_string"}}],"inLanguage":"et"}]}},"_links":{"self":[{"href":"https:\/\/jelizavetaostapjuk23.thkit.ee\/wp\/wp-json\/wp\/v2\/pages\/2538","targetHints":{"allow":["GET"]}}],"collection":[{"href":"https:\/\/jelizavetaostapjuk23.thkit.ee\/wp\/wp-json\/wp\/v2\/pages"}],"about":[{"href":"https:\/\/jelizavetaostapjuk23.thkit.ee\/wp\/wp-json\/wp\/v2\/types\/page"}],"author":[{"embeddable":true,"href":"https:\/\/jelizavetaostapjuk23.thkit.ee\/wp\/wp-json\/wp\/v2\/users\/1"}],"replies":[{"embeddable":true,"href":"https:\/\/jelizavetaostapjuk23.thkit.ee\/wp\/wp-json\/wp\/v2\/comments?post=2538"}],"version-history":[{"count":7,"href":"https:\/\/jelizavetaostapjuk23.thkit.ee\/wp\/wp-json\/wp\/v2\/pages\/2538\/revisions"}],"predecessor-version":[{"id":2638,"href":"https:\/\/jelizavetaostapjuk23.thkit.ee\/wp\/wp-json\/wp\/v2\/pages\/2538\/revisions\/2638"}],"wp:attachment":[{"href":"https:\/\/jelizavetaostapjuk23.thkit.ee\/wp\/wp-json\/wp\/v2\/media?parent=2538"}],"curies":[{"name":"wp","href":"https:\/\/api.w.org\/{rel}","templated":true}]}}