{"id":692,"date":"2024-03-18T14:40:38","date_gmt":"2024-03-18T12:40:38","guid":{"rendered":"https:\/\/jelizavetaostapjuk.wordpress.com\/?page_id=692"},"modified":"2024-10-14T09:18:51","modified_gmt":"2024-10-14T06:18:51","slug":"2-katse-potentsiomeetri-kasutamine","status":"publish","type":"page","link":"https:\/\/jelizavetaostapjuk23.thkit.ee\/wp\/2-katse-potentsiomeetri-kasutamine\/","title":{"rendered":"2. Katse &#8220;Potentsiomeetri kasutamine&#8221;"},"content":{"rendered":"\n<p>Robootika &#8220;Potentsiomeetri kasutamine&#8221;<\/p>\n\n\n\n<p>Potentsiomeeteri abil saate valida LED-pirni vilkumise intensiivsuse<\/p>\n\n\n\n<figure class=\"wp-block-image size-large is-resized wp-duotone-unset-1\"><img loading=\"lazy\" decoding=\"async\" width=\"785\" height=\"628\" src=\"https:\/\/jelizavetaostapjuk23.thkit.ee\/wp\/wp-content\/uploads\/2024\/03\/pilt-25.png?w=785\" alt=\"\" class=\"wp-image-693\" style=\"width:604px;height:auto\" srcset=\"https:\/\/jelizavetaostapjuk23.thkit.ee\/wp\/wp-content\/uploads\/2024\/03\/pilt-25.png 785w, https:\/\/jelizavetaostapjuk23.thkit.ee\/wp\/wp-content\/uploads\/2024\/03\/pilt-25-300x240.png 300w, https:\/\/jelizavetaostapjuk23.thkit.ee\/wp\/wp-content\/uploads\/2024\/03\/pilt-25-768x614.png 768w\" sizes=\"auto, (max-width: 785px) 85vw, 785px\" \/><\/figure>\n\n\n<div class=\"wp-block-syntaxhighlighter-code \"><pre class=\"brush: arduino; title: ; notranslate\" title=\"\">\nint sensorPin = 0;    \t  \nint ledPin = 13;                           \t\t\t  \nint sensorValue = 0;  \t\n\nvoid setup()\n{       \n  pinMode(ledPin, OUTPUT);  \n  Serial.begin(9600);\n}\n\nvoid loop() {          \t\t\t\t\t   \n  sensorValue = analogRead(sensorPin); \/\/   loeb analoog sisendi v\u00e4\u00e4rtust ja saadab tagasi t\u00e4isarvu vahemikus 0 kuni 1023. See t\u00e4hendab 10 bitilist t\u00e4psust (2^10 = 1024).\t\t  \n  digitalWrite(ledPin, HIGH);         \n  delay(sensorValue);                 \n  digitalWrite(ledPin, LOW);              \n  delay(sensorValue);  \n  float voltage = sensorValue * (5.0 \/ 1023.0); \/\/ konverteerime v\u00e4\u00e4rtuse (0 - 1023)  ja tagastab (0 - 5V):\n  Serial.println(voltage);   \/\/ Saadud tulemused kirjutame Serial Monitori.         \n}\n<\/pre><\/div>\n\n\n<h2 class=\"wp-block-heading\">\u00dclesanne 2 &#8220;\u0413\u0438\u0440\u043b\u044f\u043d\u0434\u0430-Valguskett&#8221;<\/h2>\n\n\n\n<p>Robootika &#8220;Valguskett&#8221;<\/p>\n\n\n\n<h2 class=\"wp-block-heading\"><strong>T\u00f6\u00f6 kirjeldus<\/strong> Potentsiomeetri kasutamine<\/h2>\n\n\n\n<p>Valguskett, kus on 5 re\u017eiimi<\/p>\n\n\n\n<h2 class=\"wp-block-heading\">T\u00f6\u00f6 protsess<\/h2>\n\n\n\n<p>Potentsameetri abil saate valida, millist re\u017eiimi soovite n\u00e4ha<\/p>\n\n\n\n<h2 class=\"wp-block-heading\"><strong>Kasutatud komponeendid<\/strong><\/h2>\n\n\n\n<ul class=\"wp-block-list\">\n<li><strong>Juhtmed (14tk)<\/strong><\/li>\n\n\n\n<li><strong>LED (9tk: 3 punane, 3 roheline, 3 kollane)<\/strong><\/li>\n\n\n\n<li><strong>Potentsiomeeter(1tk)<\/strong><\/li>\n\n\n\n<li><strong>Arduino UNO plaat (1tk)<\/strong><\/li>\n\n\n\n<li><strong>Arendusplaat (1tk)<\/strong><\/li>\n\n\n\n<li><strong>Takisti (9tk, 220Om)<\/strong><\/li>\n<\/ul>\n\n\n\n<figure class=\"wp-block-image size-large is-resized wp-duotone-unset-2\"><img loading=\"lazy\" decoding=\"async\" width=\"960\" height=\"1280\" src=\"https:\/\/jelizavetaostapjuk23.thkit.ee\/wp\/wp-content\/uploads\/2024\/03\/untitled-2.jpg?w=768\" alt=\"\" class=\"wp-image-860\" style=\"width:398px;height:auto\" srcset=\"https:\/\/jelizavetaostapjuk23.thkit.ee\/wp\/wp-content\/uploads\/2024\/03\/untitled-2.jpg 960w, https:\/\/jelizavetaostapjuk23.thkit.ee\/wp\/wp-content\/uploads\/2024\/03\/untitled-2-225x300.jpg 225w, https:\/\/jelizavetaostapjuk23.thkit.ee\/wp\/wp-content\/uploads\/2024\/03\/untitled-2-768x1024.jpg 768w\" sizes=\"auto, (max-width: 709px) 85vw, (max-width: 909px) 67vw, (max-width: 1362px) 62vw, 840px\" \/><\/figure>\n\n\n\n<h2 class=\"wp-block-heading\"><strong>Skeem<\/strong><\/h2>\n\n\n\n<figure class=\"wp-block-image size-large is-resized wp-duotone-unset-3\"><img loading=\"lazy\" decoding=\"async\" width=\"868\" height=\"678\" src=\"https:\/\/jelizavetaostapjuk23.thkit.ee\/wp\/wp-content\/uploads\/2024\/03\/pilt-37.png?w=868\" alt=\"\" class=\"wp-image-855\" style=\"width:648px;height:auto\" srcset=\"https:\/\/jelizavetaostapjuk23.thkit.ee\/wp\/wp-content\/uploads\/2024\/03\/pilt-37.png 868w, https:\/\/jelizavetaostapjuk23.thkit.ee\/wp\/wp-content\/uploads\/2024\/03\/pilt-37-300x234.png 300w, https:\/\/jelizavetaostapjuk23.thkit.ee\/wp\/wp-content\/uploads\/2024\/03\/pilt-37-768x600.png 768w\" sizes=\"auto, (max-width: 709px) 85vw, (max-width: 909px) 67vw, (max-width: 1362px) 62vw, 840px\" \/><\/figure>\n\n\n\n<h2 class=\"wp-block-heading\"><strong>Kood<\/strong><\/h2>\n\n\n<div class=\"wp-block-syntaxhighlighter-code \"><pre class=\"brush: arduino; title: ; notranslate\" title=\"\">\nint PontiPin=A0;\n\nint LEDred1=13;\nint LEDyellow1=12;\nint LEDgreen1=11;\nint LEDred2=10;\nint LEDyellow2=9;\nint LEDgreen2=8;\nint LEDred3=7;\nint LEDyellow3=6;\nint LEDgreen3=5;\n\nint PontValue=0;\nint Uus_Value;\n\nvoid setup()\n{\n  pinMode(LEDred1,OUTPUT);\n  pinMode(LEDred2,OUTPUT);\n  pinMode(LEDred3,OUTPUT);\n  pinMode(LEDyellow1,OUTPUT);\n  pinMode(LEDyellow2,OUTPUT);\n  pinMode(LEDyellow3,OUTPUT);\n  pinMode(LEDgreen1,OUTPUT);\n  pinMode(LEDgreen2,OUTPUT);\n  pinMode(LEDgreen3,OUTPUT);\n \n  \n}\n\nvoid red() {\n  digitalWrite(LEDred1, HIGH);\n  digitalWrite(LEDred2, HIGH);\n  digitalWrite(LEDred3, HIGH);\n  delay(100);\n  digitalWrite(LEDred1, LOW);\n  digitalWrite(LEDred2, LOW);\n  digitalWrite(LEDred3, LOW);\n  delay(100);\n}\n\nvoid yellow() {\n  digitalWrite(LEDyellow1, HIGH);\n  digitalWrite(LEDyellow2, HIGH);\n  digitalWrite(LEDyellow3, HIGH);\n  delay(200);\n  digitalWrite(LEDyellow1, LOW);\n  digitalWrite(LEDyellow2, LOW);\n  digitalWrite(LEDyellow3, LOW);\n  delay(200);\n}\n\nvoid green() {\n  digitalWrite(LEDgreen1, HIGH);\n  digitalWrite(LEDgreen2, HIGH);\n  digitalWrite(LEDgreen3, HIGH);\n  delay(100);\n  digitalWrite(LEDgreen1, LOW);\n  digitalWrite(LEDgreen2, LOW);\n  digitalWrite(LEDgreen3, LOW);\n  delay(200);\n}\n\nvoid koikvarvid(){\n  digitalWrite(LEDred1, HIGH);\n  digitalWrite(LEDred2, HIGH);\n  digitalWrite(LEDred3, HIGH);\n  digitalWrite(LEDyellow1, HIGH);\n  digitalWrite(LEDyellow2, HIGH);\n  digitalWrite(LEDyellow3, HIGH);\n  digitalWrite(LEDgreen1, HIGH);\n  digitalWrite(LEDgreen2, HIGH);\n  digitalWrite(LEDgreen3, HIGH);\n  delay(100);\n  digitalWrite(LEDred1, LOW);\n  digitalWrite(LEDred2, LOW);\n  digitalWrite(LEDred3, LOW);\n  digitalWrite(LEDyellow1, LOW);\n  digitalWrite(LEDyellow2, LOW);\n  digitalWrite(LEDyellow3, LOW);\n  digitalWrite(LEDgreen1, LOW);\n  digitalWrite(LEDgreen2, LOW);\n  digitalWrite(LEDgreen3, LOW);\n  delay(100);\n}\n\nvoid uksvarv() {\n  for(int i=0; i&lt;3; ++i) {\n    digitalWrite(LEDred1, HIGH);\n    delay(200);\n    digitalWrite(LEDred1, LOW);\n    digitalWrite(LEDyellow1, HIGH);\n    delay(200);\n    digitalWrite(LEDyellow1, LOW);\n    digitalWrite(LEDgreen1, HIGH);\n    delay(200);\n    digitalWrite(LEDgreen1, LOW);\n    digitalWrite(LEDred2, HIGH);\n    delay(200);\n    digitalWrite(LEDred2, LOW);\n    digitalWrite(LEDyellow2, HIGH);\n    delay(200);\n    digitalWrite(LEDyellow2, LOW);\n    digitalWrite(LEDgreen2, HIGH);\n    delay(200);\n    digitalWrite(LEDgreen2, LOW);\n    digitalWrite(LEDred3, HIGH);\n    delay(200);\n    digitalWrite(LEDred3, LOW);\n    digitalWrite(LEDyellow3, HIGH);\n    delay(200);\n    digitalWrite(LEDyellow3, LOW);\n    digitalWrite(LEDgreen3, HIGH);\n    delay(200);\n    digitalWrite(LEDgreen3, LOW);\n  }\n}\nvoid kaskvarv() \n{\n  digitalWrite(LEDred1, HIGH);\n  digitalWrite(LEDred2, HIGH);\n  digitalWrite(LEDred3, HIGH);\n  digitalWrite(LEDyellow1, HIGH);\n  digitalWrite(LEDyellow2, HIGH);\n  digitalWrite(LEDyellow3, HIGH);\n  delay(500);\n  digitalWrite(LEDred1, LOW);\n  digitalWrite(LEDred2, LOW);\n  digitalWrite(LEDred3, LOW);\n  digitalWrite(LEDyellow1, LOW);\n  digitalWrite(LEDyellow2, LOW);\n  digitalWrite(LEDyellow3, LOW);\n  \n  digitalWrite(LEDyellow1, HIGH);\n  digitalWrite(LEDyellow2, HIGH);\n  digitalWrite(LEDyellow3, HIGH);\n  digitalWrite(LEDgreen1, HIGH);\n  digitalWrite(LEDgreen2, HIGH);\n  digitalWrite(LEDgreen3, HIGH);\n  delay(500);\n  digitalWrite(LEDyellow1, LOW);\n  digitalWrite(LEDyellow2, LOW);\n  digitalWrite(LEDyellow3, LOW);\n  digitalWrite(LEDgreen1, LOW);\n  digitalWrite(LEDgreen2, LOW);\n  digitalWrite(LEDgreen3, LOW);\n  \n  digitalWrite(LEDred1, HIGH);\n  digitalWrite(LEDred2, HIGH);\n  digitalWrite(LEDred3, HIGH);\n  digitalWrite(LEDgreen1, HIGH);\n  digitalWrite(LEDgreen2, HIGH);\n  digitalWrite(LEDgreen3, HIGH);\n  delay(500);\n  digitalWrite(LEDred1, LOW);\n  digitalWrite(LEDred2, LOW);\n  digitalWrite(LEDred3, LOW);\n  digitalWrite(LEDgreen1, LOW);\n  digitalWrite(LEDgreen2, LOW);\n  digitalWrite(LEDgreen3, LOW);\n}\nvoid uus_rezim() {\n  \n digitalWrite(LEDred1, HIGH);\n digitalWrite(LEDred2, HIGH);\n digitalWrite(LEDred3, HIGH);\n digitalWrite(LEDyellow1, LOW);\n digitalWrite(LEDyellow2, LOW);\n digitalWrite(LEDyellow3, LOW);\n digitalWrite(LEDgreen1, LOW);\n digitalWrite(LEDgreen2, LOW);\n digitalWrite(LEDgreen3, LOW);\n delay(200);\n digitalWrite(LEDred1, LOW);\n digitalWrite(LEDred2, LOW);\n digitalWrite(LEDred3, LOW);\n digitalWrite(LEDyellow1, HIGH);\n digitalWrite(LEDyellow2, HIGH);\n digitalWrite(LEDyellow3, HIGH);\n digitalWrite(LEDgreen1, LOW);\n digitalWrite(LEDgreen2, LOW);\n digitalWrite(LEDgreen3, LOW);\n delay(200);\n digitalWrite(LEDred1, LOW);\n digitalWrite(LEDred2, LOW);\n digitalWrite(LEDred3, LOW);\n digitalWrite(LEDyellow1, LOW);\n digitalWrite(LEDyellow2, LOW);\n digitalWrite(LEDyellow3, LOW);\n digitalWrite(LEDgreen1, HIGH);\n digitalWrite(LEDgreen2, HIGH);\n digitalWrite(LEDgreen3, HIGH);\n delay(200);\n \n}\n\nvoid loop()\n{ int Pot_Value = analogRead(PontiPin);\n  int constrainedValue = constrain(Pot_Value, 0, 1023);\n  int Uus_Value = map(constrainedValue, 0, 1023, 0, 6);\n \n  switch (Uus_Value)\n  { \n    case 0: red();\n    break;\n    case 1: yellow();\n    break;\n    case 2: green();\n    break;\n    case 3: koikvarvid();\n    break;\n    case 4: uksvarv();\n    break;\n    case 5: kaskvarv();\n    break;\n    case 6: uus_rezim();\n   \n    default: \n    digitalWrite(LEDred1, LOW);\n    digitalWrite(LEDred2, LOW);\n    digitalWrite(LEDred3, LOW);\n    digitalWrite(LEDyellow1, LOW);\n    digitalWrite(LEDyellow2, LOW); \n    digitalWrite(LEDyellow3, LOW);\n    digitalWrite(LEDgreen1, LOW);\n    digitalWrite(LEDgreen2, LOW);\n    digitalWrite(LEDgreen3, LOW);\n    break; \n  } \n}\n<\/pre><\/div>\n\n\n<h2 class=\"wp-block-heading\"><strong>Video<\/strong><\/h2>\n\n\n\n<p><\/p>\n\n\n\n<h2 class=\"wp-block-heading\"><strong>Uued funktsioonid<\/strong><\/h2>\n\n\n\n<p><strong>analogRead() &#8211; <\/strong>Loeb v\u00e4\u00e4rtust m\u00e4\u00e4ratud analoogviigult<br><strong>constrain()<\/strong>  &#8211; Piirab arvu, et see oleks vahemikus.<br><strong>map()<\/strong> &#8211; Kaardistab arvu \u00fchest vahemikust teise. See t\u00e4hendab, et v\u00e4\u00e4rtus fromLow saaks kaardistatud toLow, v\u00e4\u00e4rtus alatesHigh toHigh, v\u00e4\u00e4rtused vahel v\u00e4\u00e4rtuste vahel-vahel jne.<br><strong>switch&#8230;case &#8211; <\/strong>Nagu <strong>If-<\/strong>i avaldused, kontrollib ka<strong> switch case<\/strong> programmide voolu, v\u00f5imaldades programmeerijatel m\u00e4\u00e4rata erineva koodi, mida tuleks t\u00e4ita erinevates tingimustes.<br><strong>pinMode()<\/strong> &#8211; Seadistab m\u00e4\u00e4ratud viigu k\u00e4ituma kas sisendi v\u00f5i v\u00e4ljundina.<br><strong>Serial.begin()<\/strong> &#8211; M\u00e4\u00e4rab andmeedastuse kiiruse bittides sekundis (baud).<br><\/p>\n","protected":false},"excerpt":{"rendered":"<p>Robootika &#8220;Potentsiomeetri kasutamine&#8221; Potentsiomeeteri abil saate valida LED-pirni vilkumise intensiivsuse \u00dclesanne 2 &#8220;\u0413\u0438\u0440\u043b\u044f\u043d\u0434\u0430-Valguskett&#8221; Robootika &#8220;Valguskett&#8221; T\u00f6\u00f6 kirjeldus Potentsiomeetri kasutamine Valguskett, kus on 5 re\u017eiimi T\u00f6\u00f6 protsess Potentsameetri abil saate valida, millist re\u017eiimi soovite n\u00e4ha Kasutatud komponeendid Skeem Kood Video Uued funktsioonid analogRead() &#8211; Loeb v\u00e4\u00e4rtust m\u00e4\u00e4ratud analoogviigultconstrain() &#8211; Piirab arvu, et see oleks vahemikus.map() &#8211; &hellip; <a href=\"https:\/\/jelizavetaostapjuk23.thkit.ee\/wp\/2-katse-potentsiomeetri-kasutamine\/\" class=\"more-link\">Loe edasi<span class=\"screen-reader-text\"> &#8220;2. Katse &#8220;Potentsiomeetri kasutamine&#8221;&#8221;<\/span><\/a><\/p>\n","protected":false},"author":1,"featured_media":0,"parent":0,"menu_order":0,"comment_status":"closed","ping_status":"closed","template":"","meta":{"footnotes":""},"class_list":["post-692","page","type-page","status-publish","hentry"],"yoast_head":"<!-- This site is optimized with the Yoast SEO plugin v27.3 - https:\/\/yoast.com\/product\/yoast-seo-wordpress\/ -->\n<title>2. Katse &quot;Potentsiomeetri kasutamine&quot; - Jelizaveta Ostapjuk portfoolio Robootika<\/title>\n<meta name=\"description\" content=\"Potentsiomeetri kasutamine - Potentsameetri abil saate valida, millist re\u017eiimi soovite n\u00e4ha. Valguskett, kus on 5 re\u017eiimi\" \/>\n<meta name=\"robots\" content=\"index, follow, max-snippet:-1, max-image-preview:large, max-video-preview:-1\" \/>\n<link rel=\"canonical\" href=\"https:\/\/jelizavetaostapjuk23.thkit.ee\/wp\/2-katse-potentsiomeetri-kasutamine\/\" \/>\n<meta property=\"og:locale\" content=\"et_EE\" \/>\n<meta property=\"og:type\" content=\"article\" \/>\n<meta property=\"og:title\" content=\"2. Katse &quot;Potentsiomeetri kasutamine&quot; - Jelizaveta Ostapjuk portfoolio Robootika\" \/>\n<meta property=\"og:description\" content=\"Potentsiomeetri kasutamine - Potentsameetri abil saate valida, millist re\u017eiimi soovite n\u00e4ha. Valguskett, kus on 5 re\u017eiimi\" \/>\n<meta property=\"og:url\" content=\"https:\/\/jelizavetaostapjuk23.thkit.ee\/wp\/2-katse-potentsiomeetri-kasutamine\/\" \/>\n<meta property=\"og:site_name\" content=\"Jelizaveta Ostapjuk portfoolio\" \/>\n<meta property=\"article:modified_time\" content=\"2024-10-14T06:18:51+00:00\" \/>\n<meta property=\"og:image\" content=\"https:\/\/jelizavetaostapjuk23.thkit.ee\/wp\/wp-content\/uploads\/2024\/03\/pilt-25.png?w=785\" \/>\n<meta name=\"twitter:card\" content=\"summary_large_image\" \/>\n<meta name=\"twitter:label1\" content=\"Est. reading time\" \/>\n\t<meta name=\"twitter:data1\" content=\"2 minutit\" \/>\n<script type=\"application\/ld+json\" class=\"yoast-schema-graph\">{\"@context\":\"https:\\\/\\\/schema.org\",\"@graph\":[{\"@type\":\"WebPage\",\"@id\":\"https:\\\/\\\/jelizavetaostapjuk23.thkit.ee\\\/wp\\\/2-katse-potentsiomeetri-kasutamine\\\/\",\"url\":\"https:\\\/\\\/jelizavetaostapjuk23.thkit.ee\\\/wp\\\/2-katse-potentsiomeetri-kasutamine\\\/\",\"name\":\"2. Katse \\\"Potentsiomeetri kasutamine\\\" - Jelizaveta Ostapjuk portfoolio Robootika\",\"isPartOf\":{\"@id\":\"https:\\\/\\\/jelizavetaostapjuk23.thkit.ee\\\/wp\\\/#website\"},\"primaryImageOfPage\":{\"@id\":\"https:\\\/\\\/jelizavetaostapjuk23.thkit.ee\\\/wp\\\/2-katse-potentsiomeetri-kasutamine\\\/#primaryimage\"},\"image\":{\"@id\":\"https:\\\/\\\/jelizavetaostapjuk23.thkit.ee\\\/wp\\\/2-katse-potentsiomeetri-kasutamine\\\/#primaryimage\"},\"thumbnailUrl\":\"https:\\\/\\\/jelizavetaostapjuk23.thkit.ee\\\/wp\\\/wp-content\\\/uploads\\\/2024\\\/03\\\/pilt-25.png?w=785\",\"datePublished\":\"2024-03-18T12:40:38+00:00\",\"dateModified\":\"2024-10-14T06:18:51+00:00\",\"description\":\"Potentsiomeetri kasutamine - Potentsameetri abil saate valida, millist re\u017eiimi soovite n\u00e4ha. Valguskett, kus on 5 re\u017eiimi\",\"breadcrumb\":{\"@id\":\"https:\\\/\\\/jelizavetaostapjuk23.thkit.ee\\\/wp\\\/2-katse-potentsiomeetri-kasutamine\\\/#breadcrumb\"},\"inLanguage\":\"et\",\"potentialAction\":[{\"@type\":\"ReadAction\",\"target\":[\"https:\\\/\\\/jelizavetaostapjuk23.thkit.ee\\\/wp\\\/2-katse-potentsiomeetri-kasutamine\\\/\"]}]},{\"@type\":\"ImageObject\",\"inLanguage\":\"et\",\"@id\":\"https:\\\/\\\/jelizavetaostapjuk23.thkit.ee\\\/wp\\\/2-katse-potentsiomeetri-kasutamine\\\/#primaryimage\",\"url\":\"https:\\\/\\\/jelizavetaostapjuk23.thkit.ee\\\/wp\\\/wp-content\\\/uploads\\\/2024\\\/03\\\/pilt-25.png\",\"contentUrl\":\"https:\\\/\\\/jelizavetaostapjuk23.thkit.ee\\\/wp\\\/wp-content\\\/uploads\\\/2024\\\/03\\\/pilt-25.png\",\"width\":785,\"height\":628},{\"@type\":\"BreadcrumbList\",\"@id\":\"https:\\\/\\\/jelizavetaostapjuk23.thkit.ee\\\/wp\\\/2-katse-potentsiomeetri-kasutamine\\\/#breadcrumb\",\"itemListElement\":[{\"@type\":\"ListItem\",\"position\":1,\"name\":\"Home\",\"item\":\"https:\\\/\\\/jelizavetaostapjuk23.thkit.ee\\\/wp\\\/\"},{\"@type\":\"ListItem\",\"position\":2,\"name\":\"2. Katse &#8220;Potentsiomeetri kasutamine&#8221;\"}]},{\"@type\":\"WebSite\",\"@id\":\"https:\\\/\\\/jelizavetaostapjuk23.thkit.ee\\\/wp\\\/#website\",\"url\":\"https:\\\/\\\/jelizavetaostapjuk23.thkit.ee\\\/wp\\\/\",\"name\":\"Jelizaveta Ostapjuk portfoolio\",\"description\":\"Minu portfoolio\",\"potentialAction\":[{\"@type\":\"SearchAction\",\"target\":{\"@type\":\"EntryPoint\",\"urlTemplate\":\"https:\\\/\\\/jelizavetaostapjuk23.thkit.ee\\\/wp\\\/?s={search_term_string}\"},\"query-input\":{\"@type\":\"PropertyValueSpecification\",\"valueRequired\":true,\"valueName\":\"search_term_string\"}}],\"inLanguage\":\"et\"}]}<\/script>\n<!-- \/ Yoast SEO plugin. -->","yoast_head_json":{"title":"2. Katse \"Potentsiomeetri kasutamine\" - Jelizaveta Ostapjuk portfoolio Robootika","description":"Potentsiomeetri kasutamine - Potentsameetri abil saate valida, millist re\u017eiimi soovite n\u00e4ha. Valguskett, kus on 5 re\u017eiimi","robots":{"index":"index","follow":"follow","max-snippet":"max-snippet:-1","max-image-preview":"max-image-preview:large","max-video-preview":"max-video-preview:-1"},"canonical":"https:\/\/jelizavetaostapjuk23.thkit.ee\/wp\/2-katse-potentsiomeetri-kasutamine\/","og_locale":"et_EE","og_type":"article","og_title":"2. Katse \"Potentsiomeetri kasutamine\" - Jelizaveta Ostapjuk portfoolio Robootika","og_description":"Potentsiomeetri kasutamine - Potentsameetri abil saate valida, millist re\u017eiimi soovite n\u00e4ha. Valguskett, kus on 5 re\u017eiimi","og_url":"https:\/\/jelizavetaostapjuk23.thkit.ee\/wp\/2-katse-potentsiomeetri-kasutamine\/","og_site_name":"Jelizaveta Ostapjuk portfoolio","article_modified_time":"2024-10-14T06:18:51+00:00","og_image":[{"url":"https:\/\/jelizavetaostapjuk23.thkit.ee\/wp\/wp-content\/uploads\/2024\/03\/pilt-25.png?w=785","type":"","width":"","height":""}],"twitter_card":"summary_large_image","twitter_misc":{"Est. reading time":"2 minutit"},"schema":{"@context":"https:\/\/schema.org","@graph":[{"@type":"WebPage","@id":"https:\/\/jelizavetaostapjuk23.thkit.ee\/wp\/2-katse-potentsiomeetri-kasutamine\/","url":"https:\/\/jelizavetaostapjuk23.thkit.ee\/wp\/2-katse-potentsiomeetri-kasutamine\/","name":"2. Katse \"Potentsiomeetri kasutamine\" - Jelizaveta Ostapjuk portfoolio Robootika","isPartOf":{"@id":"https:\/\/jelizavetaostapjuk23.thkit.ee\/wp\/#website"},"primaryImageOfPage":{"@id":"https:\/\/jelizavetaostapjuk23.thkit.ee\/wp\/2-katse-potentsiomeetri-kasutamine\/#primaryimage"},"image":{"@id":"https:\/\/jelizavetaostapjuk23.thkit.ee\/wp\/2-katse-potentsiomeetri-kasutamine\/#primaryimage"},"thumbnailUrl":"https:\/\/jelizavetaostapjuk23.thkit.ee\/wp\/wp-content\/uploads\/2024\/03\/pilt-25.png?w=785","datePublished":"2024-03-18T12:40:38+00:00","dateModified":"2024-10-14T06:18:51+00:00","description":"Potentsiomeetri kasutamine - Potentsameetri abil saate valida, millist re\u017eiimi soovite n\u00e4ha. Valguskett, kus on 5 re\u017eiimi","breadcrumb":{"@id":"https:\/\/jelizavetaostapjuk23.thkit.ee\/wp\/2-katse-potentsiomeetri-kasutamine\/#breadcrumb"},"inLanguage":"et","potentialAction":[{"@type":"ReadAction","target":["https:\/\/jelizavetaostapjuk23.thkit.ee\/wp\/2-katse-potentsiomeetri-kasutamine\/"]}]},{"@type":"ImageObject","inLanguage":"et","@id":"https:\/\/jelizavetaostapjuk23.thkit.ee\/wp\/2-katse-potentsiomeetri-kasutamine\/#primaryimage","url":"https:\/\/jelizavetaostapjuk23.thkit.ee\/wp\/wp-content\/uploads\/2024\/03\/pilt-25.png","contentUrl":"https:\/\/jelizavetaostapjuk23.thkit.ee\/wp\/wp-content\/uploads\/2024\/03\/pilt-25.png","width":785,"height":628},{"@type":"BreadcrumbList","@id":"https:\/\/jelizavetaostapjuk23.thkit.ee\/wp\/2-katse-potentsiomeetri-kasutamine\/#breadcrumb","itemListElement":[{"@type":"ListItem","position":1,"name":"Home","item":"https:\/\/jelizavetaostapjuk23.thkit.ee\/wp\/"},{"@type":"ListItem","position":2,"name":"2. Katse &#8220;Potentsiomeetri kasutamine&#8221;"}]},{"@type":"WebSite","@id":"https:\/\/jelizavetaostapjuk23.thkit.ee\/wp\/#website","url":"https:\/\/jelizavetaostapjuk23.thkit.ee\/wp\/","name":"Jelizaveta Ostapjuk portfoolio","description":"Minu portfoolio","potentialAction":[{"@type":"SearchAction","target":{"@type":"EntryPoint","urlTemplate":"https:\/\/jelizavetaostapjuk23.thkit.ee\/wp\/?s={search_term_string}"},"query-input":{"@type":"PropertyValueSpecification","valueRequired":true,"valueName":"search_term_string"}}],"inLanguage":"et"}]}},"_links":{"self":[{"href":"https:\/\/jelizavetaostapjuk23.thkit.ee\/wp\/wp-json\/wp\/v2\/pages\/692","targetHints":{"allow":["GET"]}}],"collection":[{"href":"https:\/\/jelizavetaostapjuk23.thkit.ee\/wp\/wp-json\/wp\/v2\/pages"}],"about":[{"href":"https:\/\/jelizavetaostapjuk23.thkit.ee\/wp\/wp-json\/wp\/v2\/types\/page"}],"author":[{"embeddable":true,"href":"https:\/\/jelizavetaostapjuk23.thkit.ee\/wp\/wp-json\/wp\/v2\/users\/1"}],"replies":[{"embeddable":true,"href":"https:\/\/jelizavetaostapjuk23.thkit.ee\/wp\/wp-json\/wp\/v2\/comments?post=692"}],"version-history":[{"count":1,"href":"https:\/\/jelizavetaostapjuk23.thkit.ee\/wp\/wp-json\/wp\/v2\/pages\/692\/revisions"}],"predecessor-version":[{"id":1747,"href":"https:\/\/jelizavetaostapjuk23.thkit.ee\/wp\/wp-json\/wp\/v2\/pages\/692\/revisions\/1747"}],"wp:attachment":[{"href":"https:\/\/jelizavetaostapjuk23.thkit.ee\/wp\/wp-json\/wp\/v2\/media?parent=692"}],"curies":[{"name":"wp","href":"https:\/\/api.w.org\/{rel}","templated":true}]}}